{"id":865,"date":"2025-06-03T15:04:39","date_gmt":"2025-06-03T19:04:39","guid":{"rendered":"https:\/\/sonoradentist.com\/?page_id=865"},"modified":"2025-07-01T12:05:54","modified_gmt":"2025-07-01T16:05:54","slug":"conozca-a-paul-berger-dds","status":"publish","type":"page","link":"https:\/\/sonoradentist.com\/es\/meet-paul-berger-dds\/","title":{"rendered":"Conozca a Paul Berger, DDS"},"content":{"rendered":"<section class=\"section\" id=\"section_808713630\">\n\t\t<div class=\"section-bg fill\" >\n\t\t\t\t\t\t\t\t\t\n\t\t\t\n\n\t\t<\/div>\n\n\t\t\n\n\t\t<div class=\"section-content relative\">\n\t\t\t\n<div class=\"row\"  id=\"row-1322889152\">\n\n\t<div id=\"col-127952716\" class=\"col medium-12 small-12 large-8\"  >\n\t\t\t\t<div class=\"col-inner\"  >\n\t\t\t\n\t\t\t\n<h1>Conozca a Paul Berger, DDS<\/h1>\n<p>Este v\u00eddeo presenta al Dr. Paul Berger, que reflexiona sobre sus casi 50 a\u00f1os de dedicaci\u00f3n a la odontolog\u00eda y su continua pasi\u00f3n por ofrecer a los pacientes una atenci\u00f3n excepcional.<\/p>\n<div class=\"video video-fit mb\" style=\"padding-top:56.25%;\"><p><iframe loading=\"lazy\" title=\"Conozca a Paul Berger, DDS | Mini Implantes Dentales en Sonora, CA | Sonora Dentist\" width=\"1020\" height=\"574\" src=\"https:\/\/www.youtube.com\/embed\/Vi4AHg-bfHM?wmode=transparent&amp;rel=0&amp;feature=oembed\" frameborder=\"0\" allow=\"accelerometer; autoplay; clipboard-write; encrypted-media; gyroscope; picture-in-picture; web-share\" referrerpolicy=\"strict-origin-when-cross-origin\" allowfullscreen><\/iframe><\/p>\n<\/div>\n<p>Saludos. Soy el Dr. Paul Berger, y recib\u00ed mi t\u00edtulo de Doctor en Cirug\u00eda Dental (DDS) en 1970. Durante casi 50 a\u00f1os, he dedicado mi carrera a proporcionar atenci\u00f3n dental integral a mis pacientes. La odontolog\u00eda ha sido una profesi\u00f3n gratificante, y realmente he disfrutado de todos los aspectos de la misma, desde la ciencia y la precisi\u00f3n del trabajo a las conexiones personales formadas con los pacientes a lo largo de los a\u00f1os.<\/p>\n<p>A pesar de mi edad, mi energ\u00eda y entusiasmo por este campo siguen siendo tan fuertes como siempre. Tengo la suerte de trabajar con un equipo excepcional de profesionales que comparten la misma dedicaci\u00f3n al cuidado del paciente. Juntos, ofrecemos una amplia gama de servicios dentales, garantizando que nuestros pacientes reciban una atenci\u00f3n integral de alta calidad adaptada a sus necesidades individuales.<\/p>\n<p>Ha sido un privilegio servir a la comunidad durante tantos a\u00f1os, y espero seguir proporcionando una atenci\u00f3n excelente a muchos m\u00e1s en los a\u00f1os venideros.<\/p>\n\t\t<\/div>\n\t\t\t\t\t<\/div>\n\n\t\n\n\t<div id=\"col-555914879\" class=\"col medium-12 small-12 large-4\"  >\n\t\t\t\t<div class=\"col-inner\"  >\n\t\t\t\n\t\t\t\n<ul class=\"sidebar-wrapper ul-reset\"><li id=\"media_image-2\" class=\"widget widget_media_image\"><a href=\"\/es\/videos\/\"><img loading=\"lazy\" decoding=\"async\" width=\"600\" height=\"172\" src=\"https:\/\/sonoradentist.com\/wp-content\/uploads\/2025\/06\/Video-Library-Sonora-Dentist.png\" class=\"image wp-image-1580  attachment-full size-full\" alt=\"\" style=\"max-width: 100%; height: auto;\" srcset=\"https:\/\/sonoradentist.com\/wp-content\/uploads\/2025\/06\/Video-Library-Sonora-Dentist.png 600w, https:\/\/sonoradentist.com\/wp-content\/uploads\/2025\/06\/Video-Library-Sonora-Dentist-18x5.png 18w\" sizes=\"auto, (max-width: 600px) 100vw, 600px\" \/><\/a><\/li>\n<li id=\"text-14\" class=\"widget widget_text\">\t\t\t<div class=\"textwidget\"><div class=\"wpcf7 no-js\" id=\"wpcf7-f9-o1\" lang=\"en-US\" dir=\"ltr\" data-wpcf7-id=\"9\">\n<div class=\"screen-reader-response\">\n<p role=\"status\" aria-live=\"polite\" aria-atomic=\"true\">\n<ul><\/ul>\n<\/div>\n<form action=\"\/es\/wp-json\/wp\/v2\/pages\/865#wpcf7-f9-o1\" method=\"post\" class=\"wpcf7-form init cf7mls-no-scroll cf7mls-no-moving-animation\" aria-label=\"Formulario de contacto\" novalidate=\"novalidate\" data-status=\"init\" data-trp-original-action=\"\/es\/wp-json\/wp\/v2\/pages\/865#wpcf7-f9-o1\">\n<fieldset class=\"hidden-fields-container\"><input type=\"hidden\" name=\"_wpcf7\" value=\"9\" \/><input type=\"hidden\" name=\"_wpcf7_version\" value=\"6.1.5\" \/><input type=\"hidden\" name=\"_wpcf7_locale\" value=\"en_US\" \/><input type=\"hidden\" name=\"_wpcf7_unit_tag\" value=\"wpcf7-f9-o1\" \/><input type=\"hidden\" name=\"_wpcf7_container_post\" value=\"0\" \/><input type=\"hidden\" name=\"_wpcf7_posted_data_hash\" value=\"\" \/><input type=\"hidden\" name=\"_wpcf7cf_hidden_group_fields\" value=\"[]\" \/><input type=\"hidden\" name=\"_wpcf7cf_hidden_groups\" value=\"[]\" \/><input type=\"hidden\" name=\"_wpcf7cf_visible_groups\" value=\"[]\" \/><input type=\"hidden\" name=\"_wpcf7cf_repeaters\" value=\"[]\" \/><input type=\"hidden\" name=\"_wpcf7cf_steps\" value=\"{}\" \/><input type=\"hidden\" name=\"_wpcf7cf_options\" value=\"{&quot;form_id&quot;:9,&quot;conditions&quot;:[],&quot;settings&quot;:{&quot;animation&quot;:&quot;yes&quot;,&quot;animation_intime&quot;:200,&quot;animation_outtime&quot;:200,&quot;conditions_ui&quot;:&quot;normal&quot;,&quot;notice_dismissed&quot;:false}}\" \/><br \/>\n<\/fieldset>\n<p><center><\/p>\n<h3>CONSULTA GRATUITA SOBRE IMPLANTES<br \/>\n\t<\/h3>\n<p><\/center><\/p>\n<hr \/>\n<p><center><\/p>\n<p><span class=\"wpcf7-form-control-wrap\" data-name=\"your-name\"><input size=\"40\" maxlength=\"400\" class=\"wpcf7-form-control wpcf7-text wpcf7-validates-as-required\" aria-required=\"true\" aria-invalid=\"false\" placeholder=\"Nombre\" value=\"\" type=\"text\" name=\"your-name\" \/><\/span>\n\t<\/p>\n<p><span class=\"wpcf7-form-control-wrap\" data-name=\"your-email\"><input size=\"40\" maxlength=\"400\" class=\"wpcf7-form-control wpcf7-email wpcf7-validates-as-required wpcf7-text wpcf7-validates-as-email\" aria-required=\"true\" aria-invalid=\"false\" placeholder=\"Correo electr\u00f3nico\" value=\"\" type=\"email\" name=\"your-email\" \/><\/span>\n\t<\/p>\n<p><span class=\"wpcf7-form-control-wrap\" data-name=\"tel-545\"><input size=\"40\" maxlength=\"400\" class=\"wpcf7-form-control wpcf7-tel wpcf7-text wpcf7-validates-as-tel\" aria-invalid=\"false\" placeholder=\"N\u00famero de tel\u00e9fono\" value=\"\" type=\"tel\" name=\"tel-545\" \/><\/span>\n\t<\/p>\n<p><span class=\"wpcf7-form-control-wrap\" data-name=\"your-message\"><textarea cols=\"40\" rows=\"10\" maxlength=\"2000\" class=\"wpcf7-form-control wpcf7-textarea\" aria-invalid=\"false\" placeholder=\"\u00bfC\u00f3mo podemos ayudarle?\" name=\"your-message\"><\/textarea><\/span>\n\t<\/p>\n<p><input class=\"wpcf7-form-control wpcf7-submit has-spinner button\" type=\"submit\" value=\"Enviar solicitud\" \/>\n\t<\/p>\n<p><\/center><input\n                    class=\"apbct_special_field apbct_email_id__wp_contact_form_7\"\n                    name=\"apbct__email_id__wp_contact_form_7\"\n                    aria-label=\"apbct__label_id__wp_contact_form_7\"\n                    type=\"text\" size=\"30\" maxlength=\"200\" autocomplete=\"off\"\n                    value=\"\"\n                \/><\/p>\n<div class=\"wpcf7-response-output\" aria-hidden=\"true\"><\/div>\n<input type=\"hidden\" name=\"trp-form-language\" value=\"es\"\/><\/form>\n<\/div>\n<\/div>\n\t\t<\/li><\/ul>\n<h2>V\u00eddeos relacionados<\/h2>\n<hr \/>\n<ul>\n<li class=\"bullet-arrow\"><strong><a href=\"https:\/\/sonoradentist.com\/es\/por-que-elegir-dentista-sonora\/\">\u00bfPor qu\u00e9 elegir Sonora dentista?<\/a><\/strong><\/li>\n<li class=\"bullet-arrow\"><strong><a href=\"https:\/\/sonoradentist.com\/es\/cualidades-importantes-que-debe-tener-todo-dentista\/\">Cualidades importantes que debe tener todo dentista<\/a><\/strong><\/li>\n<li class=\"bullet-arrow\"><strong><a href=\"https:\/\/sonoradentist.com\/es\/que-esperar-de-su-primera-visita-al-dentista\/\">Qu\u00e9 esperar de la primera visita al dentista<\/a><\/strong><\/li>\n<li class=\"bullet-arrow\"><strong><a href=\"https:\/\/sonoradentist.com\/es\/aceptan-seguro-dental\/\">\u00bfAceptan seguro dental?<\/a><\/strong><\/li>\n<\/ul>\n\t\t<\/div>\n\t\t\t\t\t<\/div>\n\n\t\n<\/div>\n\t\t<\/div>\n\n\t\t\n<style>\n#section_808713630 {\n  padding-top: 30px;\n  padding-bottom: 30px;\n}\n<\/style>\n\t<\/section>","protected":false},"excerpt":{"rendered":"","protected":false},"author":7,"featured_media":1159,"parent":0,"menu_order":0,"comment_status":"closed","ping_status":"closed","template":"page-blank.php","meta":{"rop_custom_images_group":[],"rop_custom_messages_group":[],"rop_publish_now":"initial","rop_publish_now_accounts":{"twitter_1939695540276490240_1939695540276490240":"","gmb_109265489736877664202_accounts\/109265489736877664202\/locations\/13631788775042370546":""},"rop_publish_now_history":[],"rop_publish_now_status":"pending","footnotes":""},"class_list":["post-865","page","type-page","status-publish","has-post-thumbnail","hentry"],"yoast_head":"<!-- This site is optimized with the Yoast SEO plugin v27.4 - https:\/\/yoast.com\/product\/yoast-seo-wordpress\/ -->\n<title>Meet Paul Berger, DDS | Mini Dental Implants in Sonora, CA<\/title>\n<meta name=\"description\" content=\"Dr. Paul Berger has provided expert dental care since 1970 and remains dedicated to delivering personalized, high-quality treatment.\" \/>\n<meta name=\"robots\" content=\"index, follow, max-snippet:-1, max-image-preview:large, max-video-preview:-1\" \/>\n<link rel=\"canonical\" href=\"http:\/\/sonoradentist.com\/es\/conozca-a-paul-berger-dds\/\" \/>\n<meta property=\"og:locale\" content=\"es_MX\" \/>\n<meta property=\"og:type\" content=\"article\" \/>\n<meta property=\"og:title\" content=\"Meet Paul Berger, DDS | Mini Dental Implants in Sonora, CA\" \/>\n<meta property=\"og:description\" content=\"Dr. Paul Berger has provided expert dental care since 1970 and remains dedicated to delivering personalized, high-quality treatment.\" \/>\n<meta property=\"og:url\" content=\"http:\/\/sonoradentist.com\/es\/conozca-a-paul-berger-dds\/\" \/>\n<meta property=\"og:site_name\" content=\"Dentist in Sonora, CA\" \/>\n<meta property=\"article:publisher\" content=\"https:\/\/www.facebook.com\/sonoradentist1\" \/>\n<meta property=\"article:modified_time\" content=\"2025-07-01T16:05:54+00:00\" \/>\n<meta property=\"og:image\" content=\"http:\/\/sonoradentist.com\/wp-content\/uploads\/2025\/06\/Meet-Paul-Berger-DDS-Mini-Dental-Implants-in-Sonora-CA-1-e1749564168801.png\" \/>\n\t<meta property=\"og:image:width\" content=\"600\" \/>\n\t<meta property=\"og:image:height\" content=\"523\" \/>\n\t<meta property=\"og:image:type\" content=\"image\/png\" \/>\n<meta name=\"twitter:card\" content=\"summary_large_image\" \/>\n<meta name=\"twitter:site\" content=\"@SonoraDentistCA\" \/>\n<meta name=\"twitter:label1\" content=\"Est. reading time\" \/>\n\t<meta name=\"twitter:data1\" content=\"2 minutos\" \/>\n<script type=\"application\/ld+json\" class=\"yoast-schema-graph\">{\"@context\":\"https:\\\/\\\/schema.org\",\"@graph\":[{\"@type\":\"WebPage\",\"@id\":\"http:\\\/\\\/sonoradentist.com\\\/meet-paul-berger-dds\\\/\",\"url\":\"http:\\\/\\\/sonoradentist.com\\\/meet-paul-berger-dds\\\/\",\"name\":\"Meet Paul Berger, DDS | Mini Dental Implants in Sonora, CA\",\"isPartOf\":{\"@id\":\"https:\\\/\\\/sonoradentist.com\\\/#website\"},\"primaryImageOfPage\":{\"@id\":\"http:\\\/\\\/sonoradentist.com\\\/meet-paul-berger-dds\\\/#primaryimage\"},\"image\":{\"@id\":\"http:\\\/\\\/sonoradentist.com\\\/meet-paul-berger-dds\\\/#primaryimage\"},\"thumbnailUrl\":\"https:\\\/\\\/sonoradentist.com\\\/wp-content\\\/uploads\\\/2025\\\/06\\\/Meet-Paul-Berger-DDS-Mini-Dental-Implants-in-Sonora-CA-1-e1749564168801.png\",\"datePublished\":\"2025-06-03T19:04:39+00:00\",\"dateModified\":\"2025-07-01T16:05:54+00:00\",\"description\":\"Dr. Paul Berger has provided expert dental care since 1970 and remains dedicated to delivering personalized, high-quality treatment.\",\"breadcrumb\":{\"@id\":\"http:\\\/\\\/sonoradentist.com\\\/meet-paul-berger-dds\\\/#breadcrumb\"},\"inLanguage\":\"es\",\"potentialAction\":[{\"@type\":\"ReadAction\",\"target\":[\"http:\\\/\\\/sonoradentist.com\\\/meet-paul-berger-dds\\\/\"]}]},{\"@type\":\"ImageObject\",\"inLanguage\":\"es\",\"@id\":\"http:\\\/\\\/sonoradentist.com\\\/meet-paul-berger-dds\\\/#primaryimage\",\"url\":\"https:\\\/\\\/sonoradentist.com\\\/wp-content\\\/uploads\\\/2025\\\/06\\\/Meet-Paul-Berger-DDS-Mini-Dental-Implants-in-Sonora-CA-1-e1749564168801.png\",\"contentUrl\":\"https:\\\/\\\/sonoradentist.com\\\/wp-content\\\/uploads\\\/2025\\\/06\\\/Meet-Paul-Berger-DDS-Mini-Dental-Implants-in-Sonora-CA-1-e1749564168801.png\",\"width\":600,\"height\":523,\"caption\":\"Meet Paul Berger, DDS Mini Dental Implants in Sonora, CA\"},{\"@type\":\"BreadcrumbList\",\"@id\":\"http:\\\/\\\/sonoradentist.com\\\/meet-paul-berger-dds\\\/#breadcrumb\",\"itemListElement\":[{\"@type\":\"ListItem\",\"position\":1,\"name\":\"Home\",\"item\":\"http:\\\/\\\/sonoradentist.com\\\/\"},{\"@type\":\"ListItem\",\"position\":2,\"name\":\"Meet Paul Berger, DDS\"}]},{\"@type\":\"WebSite\",\"@id\":\"https:\\\/\\\/sonoradentist.com\\\/#website\",\"url\":\"https:\\\/\\\/sonoradentist.com\\\/\",\"name\":\"Dentist in Sonora, CA\",\"description\":\"Paul J. Berger, DDS - Sonora Dentist\",\"publisher\":{\"@id\":\"https:\\\/\\\/sonoradentist.com\\\/#organization\"},\"alternateName\":\"Paul J. Berger, DDS - Sonora Dentist\",\"potentialAction\":[{\"@type\":\"SearchAction\",\"target\":{\"@type\":\"EntryPoint\",\"urlTemplate\":\"https:\\\/\\\/sonoradentist.com\\\/?s={search_term_string}\"},\"query-input\":{\"@type\":\"PropertyValueSpecification\",\"valueRequired\":true,\"valueName\":\"search_term_string\"}}],\"inLanguage\":\"es\"},{\"@type\":\"Organization\",\"@id\":\"https:\\\/\\\/sonoradentist.com\\\/#organization\",\"name\":\"Dentist in Sonora, CA\",\"alternateName\":\"Paul J. Berger, DDS - Sonora Dentist\",\"url\":\"https:\\\/\\\/sonoradentist.com\\\/\",\"logo\":{\"@type\":\"ImageObject\",\"inLanguage\":\"es\",\"@id\":\"https:\\\/\\\/sonoradentist.com\\\/#\\\/schema\\\/logo\\\/image\\\/\",\"url\":\"https:\\\/\\\/sonoradentist.com\\\/wp-content\\\/uploads\\\/2025\\\/06\\\/SonoraDentist-Icon-High-Res.png\",\"contentUrl\":\"https:\\\/\\\/sonoradentist.com\\\/wp-content\\\/uploads\\\/2025\\\/06\\\/SonoraDentist-Icon-High-Res.png\",\"width\":1020,\"height\":1107,\"caption\":\"Dentist in Sonora, CA\"},\"image\":{\"@id\":\"https:\\\/\\\/sonoradentist.com\\\/#\\\/schema\\\/logo\\\/image\\\/\"},\"sameAs\":[\"https:\\\/\\\/www.facebook.com\\\/sonoradentist1\",\"https:\\\/\\\/x.com\\\/SonoraDentistCA\"]}]}<\/script>\n<!-- \/ Yoast SEO plugin. -->","yoast_head_json":{"title":"Conozca a Paul Berger, DDS | Mini Implantes Dentales en Sonora, CA","description":"El Dr. Paul Berger ha proporcionado atenci\u00f3n dental experta desde 1970 y sigue dedicado a ofrecer un tratamiento personalizado y de alta calidad.","robots":{"index":"index","follow":"follow","max-snippet":"max-snippet:-1","max-image-preview":"max-image-preview:large","max-video-preview":"max-video-preview:-1"},"canonical":"http:\/\/sonoradentist.com\/es\/conozca-a-paul-berger-dds\/","og_locale":"es_MX","og_type":"article","og_title":"Meet Paul Berger, DDS | Mini Dental Implants in Sonora, CA","og_description":"Dr. Paul Berger has provided expert dental care since 1970 and remains dedicated to delivering personalized, high-quality treatment.","og_url":"http:\/\/sonoradentist.com\/es\/conozca-a-paul-berger-dds\/","og_site_name":"Dentist in Sonora, CA","article_publisher":"https:\/\/www.facebook.com\/sonoradentist1","article_modified_time":"2025-07-01T16:05:54+00:00","og_image":[{"width":600,"height":523,"url":"http:\/\/sonoradentist.com\/wp-content\/uploads\/2025\/06\/Meet-Paul-Berger-DDS-Mini-Dental-Implants-in-Sonora-CA-1-e1749564168801.png","type":"image\/png"}],"twitter_card":"summary_large_image","twitter_site":"@SonoraDentistCA","twitter_misc":{"Est. reading time":"2 minutos"},"schema":{"@context":"https:\/\/schema.org","@graph":[{"@type":"WebPage","@id":"http:\/\/sonoradentist.com\/meet-paul-berger-dds\/","url":"http:\/\/sonoradentist.com\/meet-paul-berger-dds\/","name":"Conozca a Paul Berger, DDS | Mini Implantes Dentales en Sonora, CA","isPartOf":{"@id":"https:\/\/sonoradentist.com\/#website"},"primaryImageOfPage":{"@id":"http:\/\/sonoradentist.com\/meet-paul-berger-dds\/#primaryimage"},"image":{"@id":"http:\/\/sonoradentist.com\/meet-paul-berger-dds\/#primaryimage"},"thumbnailUrl":"https:\/\/sonoradentist.com\/wp-content\/uploads\/2025\/06\/Meet-Paul-Berger-DDS-Mini-Dental-Implants-in-Sonora-CA-1-e1749564168801.png","datePublished":"2025-06-03T19:04:39+00:00","dateModified":"2025-07-01T16:05:54+00:00","description":"El Dr. Paul Berger ha proporcionado atenci\u00f3n dental experta desde 1970 y sigue dedicado a ofrecer un tratamiento personalizado y de alta calidad.","breadcrumb":{"@id":"http:\/\/sonoradentist.com\/meet-paul-berger-dds\/#breadcrumb"},"inLanguage":"es","potentialAction":[{"@type":"ReadAction","target":["http:\/\/sonoradentist.com\/meet-paul-berger-dds\/"]}]},{"@type":"ImageObject","inLanguage":"es","@id":"http:\/\/sonoradentist.com\/meet-paul-berger-dds\/#primaryimage","url":"https:\/\/sonoradentist.com\/wp-content\/uploads\/2025\/06\/Meet-Paul-Berger-DDS-Mini-Dental-Implants-in-Sonora-CA-1-e1749564168801.png","contentUrl":"https:\/\/sonoradentist.com\/wp-content\/uploads\/2025\/06\/Meet-Paul-Berger-DDS-Mini-Dental-Implants-in-Sonora-CA-1-e1749564168801.png","width":600,"height":523,"caption":"Meet Paul Berger, DDS Mini Dental Implants in Sonora, CA"},{"@type":"BreadcrumbList","@id":"http:\/\/sonoradentist.com\/meet-paul-berger-dds\/#breadcrumb","itemListElement":[{"@type":"ListItem","position":1,"name":"Home","item":"http:\/\/sonoradentist.com\/"},{"@type":"ListItem","position":2,"name":"Meet Paul Berger, DDS"}]},{"@type":"WebSite","@id":"https:\/\/sonoradentist.com\/#website","url":"https:\/\/sonoradentist.com\/","name":"Dentista en Sonora, CA","description":"Paul J. Berger, DDS - Sonora Dentista","publisher":{"@id":"https:\/\/sonoradentist.com\/#organization"},"alternateName":"Paul J. Berger, DDS - Sonora Dentist","potentialAction":[{"@type":"SearchAction","target":{"@type":"EntryPoint","urlTemplate":"https:\/\/sonoradentist.com\/?s={search_term_string}"},"query-input":{"@type":"PropertyValueSpecification","valueRequired":true,"valueName":"search_term_string"}}],"inLanguage":"es"},{"@type":"Organization","@id":"https:\/\/sonoradentist.com\/#organization","name":"Dentista en Sonora, CA","alternateName":"Paul J. Berger, DDS - Sonora Dentist","url":"https:\/\/sonoradentist.com\/","logo":{"@type":"ImageObject","inLanguage":"es","@id":"https:\/\/sonoradentist.com\/#\/schema\/logo\/image\/","url":"https:\/\/sonoradentist.com\/wp-content\/uploads\/2025\/06\/SonoraDentist-Icon-High-Res.png","contentUrl":"https:\/\/sonoradentist.com\/wp-content\/uploads\/2025\/06\/SonoraDentist-Icon-High-Res.png","width":1020,"height":1107,"caption":"Dentist in Sonora, CA"},"image":{"@id":"https:\/\/sonoradentist.com\/#\/schema\/logo\/image\/"},"sameAs":["https:\/\/www.facebook.com\/sonoradentist1","https:\/\/x.com\/SonoraDentistCA"]}]}},"_links":{"self":[{"href":"https:\/\/sonoradentist.com\/es\/wp-json\/wp\/v2\/pages\/865","targetHints":{"allow":["GET"]}}],"collection":[{"href":"https:\/\/sonoradentist.com\/es\/wp-json\/wp\/v2\/pages"}],"about":[{"href":"https:\/\/sonoradentist.com\/es\/wp-json\/wp\/v2\/types\/page"}],"author":[{"embeddable":true,"href":"https:\/\/sonoradentist.com\/es\/wp-json\/wp\/v2\/users\/7"}],"replies":[{"embeddable":true,"href":"https:\/\/sonoradentist.com\/es\/wp-json\/wp\/v2\/comments?post=865"}],"version-history":[{"count":0,"href":"https:\/\/sonoradentist.com\/es\/wp-json\/wp\/v2\/pages\/865\/revisions"}],"wp:featuredmedia":[{"embeddable":true,"href":"https:\/\/sonoradentist.com\/es\/wp-json\/wp\/v2\/media\/1159"}],"wp:attachment":[{"href":"https:\/\/sonoradentist.com\/es\/wp-json\/wp\/v2\/media?parent=865"}],"curies":[{"name":"wp","href":"https:\/\/api.w.org\/{rel}","templated":true}]}}