{"id":863,"date":"2025-06-03T15:06:07","date_gmt":"2025-06-03T19:06:07","guid":{"rendered":"https:\/\/sonoradentist.com\/?page_id=863"},"modified":"2025-07-01T13:40:21","modified_gmt":"2025-07-01T17:40:21","slug":"el-proceso-del-miniimplante-dental-explicado","status":"publish","type":"page","link":"https:\/\/sonoradentist.com\/es\/the-mini-dental-implant-process-explained\/","title":{"rendered":"Explicaci\u00f3n del proceso de miniimplante dental"},"content":{"rendered":"<section class=\"section\" id=\"section_189172024\">\n\t\t<div class=\"section-bg fill\" >\n\t\t\t\t\t\t\t\t\t\n\t\t\t\n\n\t\t<\/div>\n\n\t\t\n\n\t\t<div class=\"section-content relative\">\n\t\t\t\n<div class=\"row\"  id=\"row-1988623653\">\n\n\t<div id=\"col-170731927\" class=\"col medium-12 small-12 large-8\"  >\n\t\t\t\t<div class=\"col-inner\"  >\n\t\t\t\n\t\t\t\n<h1>Explicaci\u00f3n del proceso de miniimplante dental<\/h1>\n<p>Este v\u00eddeo muestra c\u00f3mo guiamos a los pacientes a trav\u00e9s del proceso de miniimplante dental, comenzando con un examen gratuito y una radiograf\u00eda. Nuestro equipo experimentado y bien entrenado asegura que cada paso se maneja con eficiencia y cuidado.<\/p>\n<div class=\"video video-fit mb\" style=\"padding-top:56.25%;\"><p><iframe loading=\"lazy\" title=\"El Proceso de Mini Implante Dental Explicado | Implantes Dentales en Sonora, CA | Dr. Paul Berger\" width=\"1020\" height=\"574\" src=\"https:\/\/www.youtube.com\/embed\/42WK5hiv94o?wmode=transparent&amp;rel=0&amp;feature=oembed\" frameborder=\"0\" allow=\"accelerometer; autoplay; clipboard-write; encrypted-media; gyroscope; picture-in-picture; web-share\" referrerpolicy=\"strict-origin-when-cross-origin\" allowfullscreen><\/iframe><\/p>\n<\/div>\n<p>Los pacientes potenciales a menudo vienen con preguntas sobre el proceso de mini implantes dentales. Estas son excelentes preguntas, y les damos la bienvenida. Al ofrecer un examen gratuito y rayos X, animamos a los pacientes a considerar esta opci\u00f3n de tratamiento. A veces, los pacientes deciden proceder con el procedimiento en el mismo d\u00eda, mientras que otros programar un tratamiento m\u00e1s extenso en funci\u00f3n de sus necesidades individuales.<\/p>\n<p>Los miembros de nuestro personal se han formado ampliamente conmigo. Muchos de ellos llevan conmigo m\u00e1s de 20 a\u00f1os, y todos los miembros de nuestro equipo est\u00e1n bien formados a trav\u00e9s de numerosos seminarios y formaci\u00f3n continua, tanto conmigo como de forma independiente. Como equipo cohesionado, podemos prestar este servicio con eficiencia y eficacia.<\/p>\n\t\t<\/div>\n\t\t\t\t\t<\/div>\n\n\t\n\n\t<div id=\"col-998843457\" class=\"col medium-12 small-12 large-4\"  >\n\t\t\t\t<div class=\"col-inner\"  >\n\t\t\t\n\t\t\t\n<ul class=\"sidebar-wrapper ul-reset\"><li id=\"media_image-2\" class=\"widget widget_media_image\"><a href=\"\/es\/videos\/\"><img loading=\"lazy\" decoding=\"async\" width=\"600\" height=\"172\" src=\"https:\/\/sonoradentist.com\/wp-content\/uploads\/2025\/06\/Video-Library-Sonora-Dentist.png\" class=\"image wp-image-1580  attachment-full size-full\" alt=\"\" style=\"max-width: 100%; height: auto;\" srcset=\"https:\/\/sonoradentist.com\/wp-content\/uploads\/2025\/06\/Video-Library-Sonora-Dentist.png 600w, https:\/\/sonoradentist.com\/wp-content\/uploads\/2025\/06\/Video-Library-Sonora-Dentist-18x5.png 18w\" sizes=\"auto, (max-width: 600px) 100vw, 600px\" \/><\/a><\/li>\n<li id=\"text-14\" class=\"widget widget_text\">\t\t\t<div class=\"textwidget\"><div class=\"wpcf7 no-js\" id=\"wpcf7-f9-o1\" lang=\"en-US\" dir=\"ltr\" data-wpcf7-id=\"9\">\n<div class=\"screen-reader-response\">\n<p role=\"status\" aria-live=\"polite\" aria-atomic=\"true\">\n<ul><\/ul>\n<\/div>\n<form action=\"\/es\/wp-json\/wp\/v2\/pages\/863#wpcf7-f9-o1\" method=\"post\" class=\"wpcf7-form init cf7mls-no-scroll cf7mls-no-moving-animation\" aria-label=\"Formulario de contacto\" novalidate=\"novalidate\" data-status=\"init\" data-trp-original-action=\"\/es\/wp-json\/wp\/v2\/pages\/863#wpcf7-f9-o1\">\n<fieldset class=\"hidden-fields-container\"><input type=\"hidden\" name=\"_wpcf7\" value=\"9\" \/><input type=\"hidden\" name=\"_wpcf7_version\" value=\"6.1.5\" \/><input type=\"hidden\" name=\"_wpcf7_locale\" value=\"en_US\" \/><input type=\"hidden\" name=\"_wpcf7_unit_tag\" value=\"wpcf7-f9-o1\" \/><input type=\"hidden\" name=\"_wpcf7_container_post\" value=\"0\" \/><input type=\"hidden\" name=\"_wpcf7_posted_data_hash\" value=\"\" \/><input type=\"hidden\" name=\"_wpcf7cf_hidden_group_fields\" value=\"[]\" \/><input type=\"hidden\" name=\"_wpcf7cf_hidden_groups\" value=\"[]\" \/><input type=\"hidden\" name=\"_wpcf7cf_visible_groups\" value=\"[]\" \/><input type=\"hidden\" name=\"_wpcf7cf_repeaters\" value=\"[]\" \/><input type=\"hidden\" name=\"_wpcf7cf_steps\" value=\"{}\" \/><input type=\"hidden\" name=\"_wpcf7cf_options\" value=\"{&quot;form_id&quot;:9,&quot;conditions&quot;:[],&quot;settings&quot;:{&quot;animation&quot;:&quot;yes&quot;,&quot;animation_intime&quot;:200,&quot;animation_outtime&quot;:200,&quot;conditions_ui&quot;:&quot;normal&quot;,&quot;notice_dismissed&quot;:false}}\" \/><br \/>\n<\/fieldset>\n<p><center><\/p>\n<h3>CONSULTA GRATUITA SOBRE IMPLANTES<br \/>\n\t<\/h3>\n<p><\/center><\/p>\n<hr \/>\n<p><center><\/p>\n<p><span class=\"wpcf7-form-control-wrap\" data-name=\"your-name\"><input size=\"40\" maxlength=\"400\" class=\"wpcf7-form-control wpcf7-text wpcf7-validates-as-required\" aria-required=\"true\" aria-invalid=\"false\" placeholder=\"Nombre\" value=\"\" type=\"text\" name=\"your-name\" \/><\/span>\n\t<\/p>\n<p><span class=\"wpcf7-form-control-wrap\" data-name=\"your-email\"><input size=\"40\" maxlength=\"400\" class=\"wpcf7-form-control wpcf7-email wpcf7-validates-as-required wpcf7-text wpcf7-validates-as-email\" aria-required=\"true\" aria-invalid=\"false\" placeholder=\"Correo electr\u00f3nico\" value=\"\" type=\"email\" name=\"your-email\" \/><\/span>\n\t<\/p>\n<p><span class=\"wpcf7-form-control-wrap\" data-name=\"tel-545\"><input size=\"40\" maxlength=\"400\" class=\"wpcf7-form-control wpcf7-tel wpcf7-text wpcf7-validates-as-tel\" aria-invalid=\"false\" placeholder=\"N\u00famero de tel\u00e9fono\" value=\"\" type=\"tel\" name=\"tel-545\" \/><\/span>\n\t<\/p>\n<p><span class=\"wpcf7-form-control-wrap\" data-name=\"your-message\"><textarea cols=\"40\" rows=\"10\" maxlength=\"2000\" class=\"wpcf7-form-control wpcf7-textarea\" aria-invalid=\"false\" placeholder=\"\u00bfC\u00f3mo podemos ayudarle?\" name=\"your-message\"><\/textarea><\/span>\n\t<\/p>\n<p><input class=\"wpcf7-form-control wpcf7-submit has-spinner button\" type=\"submit\" value=\"Enviar solicitud\" \/>\n\t<\/p>\n<p><\/center><input\n                    class=\"apbct_special_field apbct_email_id__wp_contact_form_7\"\n                    name=\"apbct__email_id__wp_contact_form_7\"\n                    aria-label=\"apbct__label_id__wp_contact_form_7\"\n                    type=\"text\" size=\"30\" maxlength=\"200\" autocomplete=\"off\"\n                    value=\"\"\n                \/><\/p>\n<div class=\"wpcf7-response-output\" aria-hidden=\"true\"><\/div>\n<input type=\"hidden\" name=\"trp-form-language\" value=\"es\"\/><\/form>\n<\/div>\n<\/div>\n\t\t<\/li><\/ul>\n<h2>V\u00eddeos relacionados<\/h2>\n<hr \/>\n<ul>\n<li class=\"bullet-arrow\"><strong><a href=\"https:\/\/sonoradentist.com\/es\/que-pasa-si-no-tengo-suficiente-hueso-para-un-implante-convencional\/\">\u00bfQu\u00e9 ocurre si no tengo hueso suficiente para un implante convencional?<\/a><\/strong><\/li>\n<li class=\"bullet-arrow\"><strong><a href=\"https:\/\/sonoradentist.com\/es\/es-doloroso-el-tratamiento-con-miniimplantes-dentales\/\">\u00bfEs doloroso el tratamiento con miniimplantes dentales?<\/a><\/strong><\/li>\n<li class=\"bullet-arrow\"><strong><a href=\"https:\/\/sonoradentist.com\/es\/como-saber-que-implante-dental-es-el-adecuado-para-usted\/\">\u00bfC\u00f3mo s\u00e9 qu\u00e9 implante dental es el adecuado para usted?<\/a><\/strong><\/li>\n<li class=\"bullet-arrow\"><strong><a href=\"https:\/\/sonoradentist.com\/es\/ofrecen-una-consulta-gratuita-sobre-implantes-dentales\/\">\u00bfOfrecen una consulta gratuita sobre implantes dentales?<\/a><\/strong><\/li>\n<li class=\"bullet-arrow\"><strong><a href=\"https:\/\/sonoradentist.com\/es\/cuanto-cuestan-los-miniimplantes-dentales\/\">\u00bfCu\u00e1nto cuestan los miniimplantes dentales?<\/a><\/strong><\/li>\n<li class=\"bullet-arrow\"><strong><a href=\"https:\/\/sonoradentist.com\/es\/planes-de-pago-para-implantes-dentales-en-sonora-ca\/\">\u00bfOfrecen planes de pago?<\/a><\/strong><\/li>\n<\/ul>\n\t\t<\/div>\n\t\t\t\t\t<\/div>\n\n\t\n<\/div>\n\t\t<\/div>\n\n\t\t\n<style>\n#section_189172024 {\n  padding-top: 30px;\n  padding-bottom: 30px;\n}\n<\/style>\n\t<\/section>","protected":false},"excerpt":{"rendered":"","protected":false},"author":7,"featured_media":1813,"parent":0,"menu_order":0,"comment_status":"closed","ping_status":"closed","template":"page-blank.php","meta":{"rop_custom_images_group":[],"rop_custom_messages_group":[],"rop_publish_now":"initial","rop_publish_now_accounts":{"twitter_1939695540276490240_1939695540276490240":"","gmb_109265489736877664202_accounts\/109265489736877664202\/locations\/13631788775042370546":""},"rop_publish_now_history":[],"rop_publish_now_status":"pending","footnotes":""},"class_list":["post-863","page","type-page","status-publish","has-post-thumbnail","hentry"],"yoast_head":"<!-- This site is optimized with the Yoast SEO plugin v27.4 - https:\/\/yoast.com\/product\/yoast-seo-wordpress\/ -->\n<title>The Mini Dental Implant Process Explained | Sonora Dentist<\/title>\n<meta name=\"description\" content=\"We welcome questions about mini dental implants and offer a free exam and X-ray. Our experienced team ensures efficient and high-quality care.\" \/>\n<meta name=\"robots\" content=\"index, follow, max-snippet:-1, max-image-preview:large, max-video-preview:-1\" \/>\n<link rel=\"canonical\" href=\"https:\/\/sonoradentist.com\/es\/el-proceso-del-miniimplante-dental-explicado\/\" \/>\n<meta property=\"og:locale\" content=\"es_MX\" \/>\n<meta property=\"og:type\" content=\"article\" \/>\n<meta property=\"og:title\" content=\"The Mini Dental Implant Process Explained | Sonora Dentist\" \/>\n<meta property=\"og:description\" content=\"We welcome questions about mini dental implants and offer a free exam and X-ray. Our experienced team ensures efficient and high-quality care.\" \/>\n<meta property=\"og:url\" content=\"https:\/\/sonoradentist.com\/es\/el-proceso-del-miniimplante-dental-explicado\/\" \/>\n<meta property=\"og:site_name\" content=\"Dentist in Sonora, CA\" \/>\n<meta property=\"article:publisher\" content=\"https:\/\/www.facebook.com\/sonoradentist1\" \/>\n<meta property=\"article:modified_time\" content=\"2025-07-01T17:40:21+00:00\" \/>\n<meta property=\"og:image\" content=\"https:\/\/sonoradentist.com\/wp-content\/uploads\/2025\/07\/The-Mini-Dental-Implant-Process-Explained-Sonora-Dentist.jpg\" \/>\n\t<meta property=\"og:image:width\" content=\"600\" \/>\n\t<meta property=\"og:image:height\" content=\"499\" \/>\n\t<meta property=\"og:image:type\" content=\"image\/jpeg\" \/>\n<meta name=\"twitter:card\" content=\"summary_large_image\" \/>\n<meta name=\"twitter:site\" content=\"@SonoraDentistCA\" \/>\n<meta name=\"twitter:label1\" content=\"Est. reading time\" \/>\n\t<meta name=\"twitter:data1\" content=\"2 minutos\" \/>\n<script type=\"application\/ld+json\" class=\"yoast-schema-graph\">{\"@context\":\"https:\\\/\\\/schema.org\",\"@graph\":[{\"@type\":\"WebPage\",\"@id\":\"https:\\\/\\\/sonoradentist.com\\\/the-mini-dental-implant-process-explained\\\/\",\"url\":\"https:\\\/\\\/sonoradentist.com\\\/the-mini-dental-implant-process-explained\\\/\",\"name\":\"The Mini Dental Implant Process Explained | Sonora Dentist\",\"isPartOf\":{\"@id\":\"http:\\\/\\\/sonoradentist.com\\\/es\\\/#website\"},\"primaryImageOfPage\":{\"@id\":\"https:\\\/\\\/sonoradentist.com\\\/the-mini-dental-implant-process-explained\\\/#primaryimage\"},\"image\":{\"@id\":\"https:\\\/\\\/sonoradentist.com\\\/the-mini-dental-implant-process-explained\\\/#primaryimage\"},\"thumbnailUrl\":\"https:\\\/\\\/sonoradentist.com\\\/wp-content\\\/uploads\\\/2025\\\/07\\\/The-Mini-Dental-Implant-Process-Explained-Sonora-Dentist.jpg\",\"datePublished\":\"2025-06-03T19:06:07+00:00\",\"dateModified\":\"2025-07-01T17:40:21+00:00\",\"description\":\"We welcome questions about mini dental implants and offer a free exam and X-ray. Our experienced team ensures efficient and high-quality care.\",\"breadcrumb\":{\"@id\":\"https:\\\/\\\/sonoradentist.com\\\/the-mini-dental-implant-process-explained\\\/#breadcrumb\"},\"inLanguage\":\"es\",\"potentialAction\":[{\"@type\":\"ReadAction\",\"target\":[\"https:\\\/\\\/sonoradentist.com\\\/the-mini-dental-implant-process-explained\\\/\"]}]},{\"@type\":\"ImageObject\",\"inLanguage\":\"es\",\"@id\":\"https:\\\/\\\/sonoradentist.com\\\/the-mini-dental-implant-process-explained\\\/#primaryimage\",\"url\":\"https:\\\/\\\/sonoradentist.com\\\/wp-content\\\/uploads\\\/2025\\\/07\\\/The-Mini-Dental-Implant-Process-Explained-Sonora-Dentist.jpg\",\"contentUrl\":\"https:\\\/\\\/sonoradentist.com\\\/wp-content\\\/uploads\\\/2025\\\/07\\\/The-Mini-Dental-Implant-Process-Explained-Sonora-Dentist.jpg\",\"width\":600,\"height\":499,\"caption\":\"The-Mini-Dental-Implant-Process-Explained-Sonora-Dentist\"},{\"@type\":\"BreadcrumbList\",\"@id\":\"https:\\\/\\\/sonoradentist.com\\\/the-mini-dental-implant-process-explained\\\/#breadcrumb\",\"itemListElement\":[{\"@type\":\"ListItem\",\"position\":1,\"name\":\"Home\",\"item\":\"http:\\\/\\\/sonoradentist.com\\\/es\\\/\"},{\"@type\":\"ListItem\",\"position\":2,\"name\":\"The Mini Dental Implant Process Explained\"}]},{\"@type\":\"WebSite\",\"@id\":\"http:\\\/\\\/sonoradentist.com\\\/es\\\/#website\",\"url\":\"http:\\\/\\\/sonoradentist.com\\\/es\\\/\",\"name\":\"Dentist in Sonora, CA\",\"description\":\"Paul J. Berger, DDS - Sonora Dentist\",\"publisher\":{\"@id\":\"http:\\\/\\\/sonoradentist.com\\\/es\\\/#organization\"},\"alternateName\":\"Paul J. Berger, DDS - Sonora Dentist\",\"potentialAction\":[{\"@type\":\"SearchAction\",\"target\":{\"@type\":\"EntryPoint\",\"urlTemplate\":\"http:\\\/\\\/sonoradentist.com\\\/es\\\/?s={search_term_string}\"},\"query-input\":{\"@type\":\"PropertyValueSpecification\",\"valueRequired\":true,\"valueName\":\"search_term_string\"}}],\"inLanguage\":\"es\"},{\"@type\":\"Organization\",\"@id\":\"http:\\\/\\\/sonoradentist.com\\\/es\\\/#organization\",\"name\":\"Dentist in Sonora, CA\",\"alternateName\":\"Paul J. Berger, DDS - Sonora Dentist\",\"url\":\"http:\\\/\\\/sonoradentist.com\\\/es\\\/\",\"logo\":{\"@type\":\"ImageObject\",\"inLanguage\":\"es\",\"@id\":\"http:\\\/\\\/sonoradentist.com\\\/es\\\/#\\\/schema\\\/logo\\\/image\\\/\",\"url\":\"https:\\\/\\\/sonoradentist.com\\\/wp-content\\\/uploads\\\/2025\\\/06\\\/SonoraDentist-Icon-High-Res.png\",\"contentUrl\":\"https:\\\/\\\/sonoradentist.com\\\/wp-content\\\/uploads\\\/2025\\\/06\\\/SonoraDentist-Icon-High-Res.png\",\"width\":1020,\"height\":1107,\"caption\":\"Dentist in Sonora, CA\"},\"image\":{\"@id\":\"http:\\\/\\\/sonoradentist.com\\\/es\\\/#\\\/schema\\\/logo\\\/image\\\/\"},\"sameAs\":[\"https:\\\/\\\/www.facebook.com\\\/sonoradentist1\",\"https:\\\/\\\/x.com\\\/SonoraDentistCA\"]}]}<\/script>\n<!-- \/ Yoast SEO plugin. -->","yoast_head_json":{"title":"El Proceso de Mini Implante Dental Explicado | Sonora Dentist","description":"Damos la bienvenida a preguntas sobre mini implantes dentales y ofrecemos un examen gratuito y rayos X. Nuestro experimentado equipo garantiza una atenci\u00f3n eficiente y de alta calidad.","robots":{"index":"index","follow":"follow","max-snippet":"max-snippet:-1","max-image-preview":"max-image-preview:large","max-video-preview":"max-video-preview:-1"},"canonical":"https:\/\/sonoradentist.com\/es\/el-proceso-del-miniimplante-dental-explicado\/","og_locale":"es_MX","og_type":"article","og_title":"The Mini Dental Implant Process Explained | Sonora Dentist","og_description":"We welcome questions about mini dental implants and offer a free exam and X-ray. Our experienced team ensures efficient and high-quality care.","og_url":"https:\/\/sonoradentist.com\/es\/el-proceso-del-miniimplante-dental-explicado\/","og_site_name":"Dentist in Sonora, CA","article_publisher":"https:\/\/www.facebook.com\/sonoradentist1","article_modified_time":"2025-07-01T17:40:21+00:00","og_image":[{"width":600,"height":499,"url":"https:\/\/sonoradentist.com\/wp-content\/uploads\/2025\/07\/The-Mini-Dental-Implant-Process-Explained-Sonora-Dentist.jpg","type":"image\/jpeg"}],"twitter_card":"summary_large_image","twitter_site":"@SonoraDentistCA","twitter_misc":{"Est. reading time":"2 minutos"},"schema":{"@context":"https:\/\/schema.org","@graph":[{"@type":"WebPage","@id":"https:\/\/sonoradentist.com\/the-mini-dental-implant-process-explained\/","url":"https:\/\/sonoradentist.com\/the-mini-dental-implant-process-explained\/","name":"El Proceso de Mini Implante Dental Explicado | Sonora Dentist","isPartOf":{"@id":"http:\/\/sonoradentist.com\/es\/#website"},"primaryImageOfPage":{"@id":"https:\/\/sonoradentist.com\/the-mini-dental-implant-process-explained\/#primaryimage"},"image":{"@id":"https:\/\/sonoradentist.com\/the-mini-dental-implant-process-explained\/#primaryimage"},"thumbnailUrl":"https:\/\/sonoradentist.com\/wp-content\/uploads\/2025\/07\/The-Mini-Dental-Implant-Process-Explained-Sonora-Dentist.jpg","datePublished":"2025-06-03T19:06:07+00:00","dateModified":"2025-07-01T17:40:21+00:00","description":"Damos la bienvenida a preguntas sobre mini implantes dentales y ofrecemos un examen gratuito y rayos X. Nuestro experimentado equipo garantiza una atenci\u00f3n eficiente y de alta calidad.","breadcrumb":{"@id":"https:\/\/sonoradentist.com\/the-mini-dental-implant-process-explained\/#breadcrumb"},"inLanguage":"es","potentialAction":[{"@type":"ReadAction","target":["https:\/\/sonoradentist.com\/the-mini-dental-implant-process-explained\/"]}]},{"@type":"ImageObject","inLanguage":"es","@id":"https:\/\/sonoradentist.com\/the-mini-dental-implant-process-explained\/#primaryimage","url":"https:\/\/sonoradentist.com\/wp-content\/uploads\/2025\/07\/The-Mini-Dental-Implant-Process-Explained-Sonora-Dentist.jpg","contentUrl":"https:\/\/sonoradentist.com\/wp-content\/uploads\/2025\/07\/The-Mini-Dental-Implant-Process-Explained-Sonora-Dentist.jpg","width":600,"height":499,"caption":"The-Mini-Dental-Implant-Process-Explained-Sonora-Dentist"},{"@type":"BreadcrumbList","@id":"https:\/\/sonoradentist.com\/the-mini-dental-implant-process-explained\/#breadcrumb","itemListElement":[{"@type":"ListItem","position":1,"name":"Home","item":"http:\/\/sonoradentist.com\/es\/"},{"@type":"ListItem","position":2,"name":"The Mini Dental Implant Process Explained"}]},{"@type":"WebSite","@id":"http:\/\/sonoradentist.com\/es\/#website","url":"http:\/\/sonoradentist.com\/es\/","name":"Dentista en Sonora, CA","description":"Paul J. Berger, DDS - Sonora Dentista","publisher":{"@id":"http:\/\/sonoradentist.com\/es\/#organization"},"alternateName":"Paul J. Berger, DDS - Sonora Dentist","potentialAction":[{"@type":"SearchAction","target":{"@type":"EntryPoint","urlTemplate":"http:\/\/sonoradentist.com\/es\/?s={search_term_string}"},"query-input":{"@type":"PropertyValueSpecification","valueRequired":true,"valueName":"search_term_string"}}],"inLanguage":"es"},{"@type":"Organization","@id":"http:\/\/sonoradentist.com\/es\/#organization","name":"Dentista en Sonora, CA","alternateName":"Paul J. Berger, DDS - Sonora Dentist","url":"http:\/\/sonoradentist.com\/es\/","logo":{"@type":"ImageObject","inLanguage":"es","@id":"http:\/\/sonoradentist.com\/es\/#\/schema\/logo\/image\/","url":"https:\/\/sonoradentist.com\/wp-content\/uploads\/2025\/06\/SonoraDentist-Icon-High-Res.png","contentUrl":"https:\/\/sonoradentist.com\/wp-content\/uploads\/2025\/06\/SonoraDentist-Icon-High-Res.png","width":1020,"height":1107,"caption":"Dentist in Sonora, CA"},"image":{"@id":"http:\/\/sonoradentist.com\/es\/#\/schema\/logo\/image\/"},"sameAs":["https:\/\/www.facebook.com\/sonoradentist1","https:\/\/x.com\/SonoraDentistCA"]}]}},"_links":{"self":[{"href":"https:\/\/sonoradentist.com\/es\/wp-json\/wp\/v2\/pages\/863","targetHints":{"allow":["GET"]}}],"collection":[{"href":"https:\/\/sonoradentist.com\/es\/wp-json\/wp\/v2\/pages"}],"about":[{"href":"https:\/\/sonoradentist.com\/es\/wp-json\/wp\/v2\/types\/page"}],"author":[{"embeddable":true,"href":"https:\/\/sonoradentist.com\/es\/wp-json\/wp\/v2\/users\/7"}],"replies":[{"embeddable":true,"href":"https:\/\/sonoradentist.com\/es\/wp-json\/wp\/v2\/comments?post=863"}],"version-history":[{"count":0,"href":"https:\/\/sonoradentist.com\/es\/wp-json\/wp\/v2\/pages\/863\/revisions"}],"wp:featuredmedia":[{"embeddable":true,"href":"https:\/\/sonoradentist.com\/es\/wp-json\/wp\/v2\/media\/1813"}],"wp:attachment":[{"href":"https:\/\/sonoradentist.com\/es\/wp-json\/wp\/v2\/media?parent=863"}],"curies":[{"name":"wp","href":"https:\/\/api.w.org\/{rel}","templated":true}]}}