{"id":826,"date":"2025-06-03T14:50:29","date_gmt":"2025-06-03T18:50:29","guid":{"rendered":"https:\/\/sonoradentist.com\/?page_id=826"},"modified":"2025-07-01T12:27:12","modified_gmt":"2025-07-01T16:27:12","slug":"ventajas-de-las-protesis-sobre-implantes","status":"publish","type":"page","link":"https:\/\/sonoradentist.com\/es\/advantages-of-implant-dentures\/","title":{"rendered":"Ventajas de las pr\u00f3tesis sobre implantes"},"content":{"rendered":"<section class=\"section\" id=\"section_2062198911\">\n\t\t<div class=\"section-bg fill\" >\n\t\t\t\t\t\t\t\t\t\n\t\t\t\n\n\t\t<\/div>\n\n\t\t\n\n\t\t<div class=\"section-content relative\">\n\t\t\t\n<div class=\"row\"  id=\"row-1669061122\">\n\n\t<div id=\"col-70386324\" class=\"col medium-12 small-12 large-8\"  >\n\t\t\t\t<div class=\"col-inner\"  >\n\t\t\t\n\t\t\t\n<h1>Ventajas de las pr\u00f3tesis sobre implantes<\/h1>\n<p>En este v\u00eddeo, el Dr. Berger explica c\u00f3mo los implantes pueden estabilizar las dentaduras inferiores sueltas, ayudando a evitar el desplazamiento y la p\u00e9rdida \u00f3sea que suelen producirse con el paso del tiempo.<\/p>\n<div class=\"video video-fit mb\" style=\"padding-top:56.25%;\"><p><iframe loading=\"lazy\" title=\"Ventajas de las Dentaduras de Implantes | Mini Implantes Dentales en Sonora, CA | Dr. Paul Berger\" width=\"1020\" height=\"574\" src=\"https:\/\/www.youtube.com\/embed\/NWGUPl7gMPU?wmode=transparent&amp;rel=0&amp;feature=oembed\" frameborder=\"0\" allow=\"accelerometer; autoplay; clipboard-write; encrypted-media; gyroscope; picture-in-picture; web-share\" referrerpolicy=\"strict-origin-when-cross-origin\" allowfullscreen><\/iframe><\/p>\n<\/div>\n<p>A menudo nos encontramos con pacientes que, con el tiempo, sienten que sus dentaduras se han aflojado y pueden necesitar un rebase. Esto ocurre porque, con cada mordida, la dentadura puede desplazarse ligeramente, ejerciendo presi\u00f3n sobre el hueso subyacente. Como resultado, el hueso pierde grosor gradualmente. Este problema es especialmente evidente en el maxilar inferior, que alberga 44 m\u00fasculos. Incluso algo tan insignificante como gui\u00f1ar un ojo puede hacer que la dentadura inferior se levante.<\/p>\n<p>Para solucionarlo, podemos colocar implantes en la arcada inferior. Estos implantes permiten que la dentadura inferior encaje firmemente en su sitio. Aunque puede haber un peque\u00f1o movimiento debido a las fijaciones, la dentadura permanecer\u00e1 estable y no cambiar\u00e1 de direcci\u00f3n con cada mordida.<\/p>\n\t\t<\/div>\n\t\t\t\t\t<\/div>\n\n\t\n\n\t<div id=\"col-868210547\" class=\"col medium-12 small-12 large-4\"  >\n\t\t\t\t<div class=\"col-inner\"  >\n\t\t\t\n\t\t\t\n<ul class=\"sidebar-wrapper ul-reset\"><li id=\"media_image-2\" class=\"widget widget_media_image\"><a href=\"\/es\/videos\/\"><img loading=\"lazy\" decoding=\"async\" width=\"600\" height=\"172\" src=\"https:\/\/sonoradentist.com\/wp-content\/uploads\/2025\/06\/Video-Library-Sonora-Dentist.png\" class=\"image wp-image-1580  attachment-full size-full\" alt=\"\" style=\"max-width: 100%; height: auto;\" srcset=\"https:\/\/sonoradentist.com\/wp-content\/uploads\/2025\/06\/Video-Library-Sonora-Dentist.png 600w, https:\/\/sonoradentist.com\/wp-content\/uploads\/2025\/06\/Video-Library-Sonora-Dentist-18x5.png 18w\" sizes=\"auto, (max-width: 600px) 100vw, 600px\" \/><\/a><\/li>\n<li id=\"text-14\" class=\"widget widget_text\">\t\t\t<div class=\"textwidget\"><div class=\"wpcf7 no-js\" id=\"wpcf7-f9-o1\" lang=\"en-US\" dir=\"ltr\" data-wpcf7-id=\"9\">\n<div class=\"screen-reader-response\">\n<p role=\"status\" aria-live=\"polite\" aria-atomic=\"true\">\n<ul><\/ul>\n<\/div>\n<form action=\"\/es\/wp-json\/wp\/v2\/pages\/826#wpcf7-f9-o1\" method=\"post\" class=\"wpcf7-form init cf7mls-no-scroll cf7mls-no-moving-animation\" aria-label=\"Formulario de contacto\" novalidate=\"novalidate\" data-status=\"init\" data-trp-original-action=\"\/es\/wp-json\/wp\/v2\/pages\/826#wpcf7-f9-o1\">\n<fieldset class=\"hidden-fields-container\"><input type=\"hidden\" name=\"_wpcf7\" value=\"9\" \/><input type=\"hidden\" name=\"_wpcf7_version\" value=\"6.1.5\" \/><input type=\"hidden\" name=\"_wpcf7_locale\" value=\"en_US\" \/><input type=\"hidden\" name=\"_wpcf7_unit_tag\" value=\"wpcf7-f9-o1\" \/><input type=\"hidden\" name=\"_wpcf7_container_post\" value=\"0\" \/><input type=\"hidden\" name=\"_wpcf7_posted_data_hash\" value=\"\" \/><input type=\"hidden\" name=\"_wpcf7cf_hidden_group_fields\" value=\"[]\" \/><input type=\"hidden\" name=\"_wpcf7cf_hidden_groups\" value=\"[]\" \/><input type=\"hidden\" name=\"_wpcf7cf_visible_groups\" value=\"[]\" \/><input type=\"hidden\" name=\"_wpcf7cf_repeaters\" value=\"[]\" \/><input type=\"hidden\" name=\"_wpcf7cf_steps\" value=\"{}\" \/><input type=\"hidden\" name=\"_wpcf7cf_options\" value=\"{&quot;form_id&quot;:9,&quot;conditions&quot;:[],&quot;settings&quot;:{&quot;animation&quot;:&quot;yes&quot;,&quot;animation_intime&quot;:200,&quot;animation_outtime&quot;:200,&quot;conditions_ui&quot;:&quot;normal&quot;,&quot;notice_dismissed&quot;:false}}\" \/><br \/>\n<\/fieldset>\n<p><center><\/p>\n<h3>CONSULTA GRATUITA SOBRE IMPLANTES<br \/>\n\t<\/h3>\n<p><\/center><\/p>\n<hr \/>\n<p><center><\/p>\n<p><span class=\"wpcf7-form-control-wrap\" data-name=\"your-name\"><input size=\"40\" maxlength=\"400\" class=\"wpcf7-form-control wpcf7-text wpcf7-validates-as-required\" aria-required=\"true\" aria-invalid=\"false\" placeholder=\"Nombre\" value=\"\" type=\"text\" name=\"your-name\" \/><\/span>\n\t<\/p>\n<p><span class=\"wpcf7-form-control-wrap\" data-name=\"your-email\"><input size=\"40\" maxlength=\"400\" class=\"wpcf7-form-control wpcf7-email wpcf7-validates-as-required wpcf7-text wpcf7-validates-as-email\" aria-required=\"true\" aria-invalid=\"false\" placeholder=\"Correo electr\u00f3nico\" value=\"\" type=\"email\" name=\"your-email\" \/><\/span>\n\t<\/p>\n<p><span class=\"wpcf7-form-control-wrap\" data-name=\"tel-545\"><input size=\"40\" maxlength=\"400\" class=\"wpcf7-form-control wpcf7-tel wpcf7-text wpcf7-validates-as-tel\" aria-invalid=\"false\" placeholder=\"N\u00famero de tel\u00e9fono\" value=\"\" type=\"tel\" name=\"tel-545\" \/><\/span>\n\t<\/p>\n<p><span class=\"wpcf7-form-control-wrap\" data-name=\"your-message\"><textarea cols=\"40\" rows=\"10\" maxlength=\"2000\" class=\"wpcf7-form-control wpcf7-textarea\" aria-invalid=\"false\" placeholder=\"\u00bfC\u00f3mo podemos ayudarle?\" name=\"your-message\"><\/textarea><\/span>\n\t<\/p>\n<p><input class=\"wpcf7-form-control wpcf7-submit has-spinner button\" type=\"submit\" value=\"Enviar solicitud\" \/>\n\t<\/p>\n<p><\/center><input\n                    class=\"apbct_special_field apbct_email_id__wp_contact_form_7\"\n                    name=\"apbct__email_id__wp_contact_form_7\"\n                    aria-label=\"apbct__label_id__wp_contact_form_7\"\n                    type=\"text\" size=\"30\" maxlength=\"200\" autocomplete=\"off\"\n                    value=\"\"\n                \/><\/p>\n<div class=\"wpcf7-response-output\" aria-hidden=\"true\"><\/div>\n<input type=\"hidden\" name=\"trp-form-language\" value=\"es\"\/><\/form>\n<\/div>\n<\/div>\n\t\t<\/li><\/ul>\n<h2>V\u00eddeos relacionados<\/h2>\n<hr \/>\n<ul>\n<li class=\"bullet-arrow\"><strong><a href=\"https:\/\/sonoradentist.com\/es\/que-es-una-protesis-implantosoportada\/\">\u00bfQu\u00e9 es una pr\u00f3tesis implantosoportada?<\/a><\/strong><\/li>\n<li class=\"bullet-arrow\"><strong><a href=\"https:\/\/sonoradentist.com\/es\/ventajas-de-las-protesis-sobre-implantes\/\">Ventajas de las pr\u00f3tesis sobre implantes<\/a><\/strong><\/li>\n<li class=\"bullet-arrow\"><strong><a href=\"https:\/\/sonoradentist.com\/es\/como-los-miniimplantes-estabilizan-las-dentaduras-postizas-sueltas\/\">C\u00f3mo estabilizan los miniimplantes las dentaduras sueltas<\/a><\/strong><\/li>\n<li class=\"bullet-arrow\"><strong><a href=\"https:\/\/sonoradentist.com\/es\/cuantos-implantes-son-necesarios-para-estabilizar-mi-dentadura\/\">\u00bfCu\u00e1ntos implantes son necesarios para estabilizar mi dentadura?<\/a><\/strong><\/li>\n<li class=\"bullet-arrow\"><strong><a href=\"https:\/\/sonoradentist.com\/es\/quien-es-candidato-a-una-protesis-implantosoportada\/\">\u00bfQui\u00e9n es candidato a una pr\u00f3tesis implantosoportada?<\/a><\/strong><\/li>\n<\/ul>\n\t\t<\/div>\n\t\t\t\t\t<\/div>\n\n\t\n<\/div>\n\t\t<\/div>\n\n\t\t\n<style>\n#section_2062198911 {\n  padding-top: 30px;\n  padding-bottom: 30px;\n}\n<\/style>\n\t<\/section>","protected":false},"excerpt":{"rendered":"","protected":false},"author":7,"featured_media":1180,"parent":0,"menu_order":0,"comment_status":"closed","ping_status":"closed","template":"page-blank.php","meta":{"rop_custom_images_group":[],"rop_custom_messages_group":[],"rop_publish_now":"initial","rop_publish_now_accounts":{"twitter_1939695540276490240_1939695540276490240":"","gmb_109265489736877664202_accounts\/109265489736877664202\/locations\/13631788775042370546":""},"rop_publish_now_history":[],"rop_publish_now_status":"pending","footnotes":""},"class_list":["post-826","page","type-page","status-publish","has-post-thumbnail","hentry"],"yoast_head":"<!-- This site is optimized with the Yoast SEO plugin v27.4 - https:\/\/yoast.com\/product\/yoast-seo-wordpress\/ -->\n<title>Advantages of Implant Dentures | Sonora Dentist | Dr. Paul Berger<\/title>\n<meta name=\"description\" content=\"Lower dentures often loosen over time due to bone loss from pressure. Implants can stabilize them, reducing movement and improving function.\" \/>\n<meta name=\"robots\" content=\"index, follow, max-snippet:-1, max-image-preview:large, max-video-preview:-1\" \/>\n<link rel=\"canonical\" href=\"https:\/\/sonoradentist.com\/es\/ventajas-de-las-protesis-sobre-implantes\/\" \/>\n<meta property=\"og:locale\" content=\"es_MX\" \/>\n<meta property=\"og:type\" content=\"article\" \/>\n<meta property=\"og:title\" content=\"Advantages of Implant Dentures | Sonora Dentist | Dr. Paul Berger\" \/>\n<meta property=\"og:description\" content=\"Lower dentures often loosen over time due to bone loss from pressure. Implants can stabilize them, reducing movement and improving function.\" \/>\n<meta property=\"og:url\" content=\"https:\/\/sonoradentist.com\/es\/ventajas-de-las-protesis-sobre-implantes\/\" \/>\n<meta property=\"og:site_name\" content=\"Dentist in Sonora, CA\" \/>\n<meta property=\"article:publisher\" content=\"https:\/\/www.facebook.com\/sonoradentist1\" \/>\n<meta property=\"article:modified_time\" content=\"2025-07-01T16:27:12+00:00\" \/>\n<meta property=\"og:image\" content=\"https:\/\/sonoradentist.com\/wp-content\/uploads\/2025\/06\/Advantages-of-Implant-Dentures-Sonora-Dentist-Dr.-Paul-Berger-e1749565804638.png\" \/>\n\t<meta property=\"og:image:width\" content=\"600\" \/>\n\t<meta property=\"og:image:height\" content=\"540\" \/>\n\t<meta property=\"og:image:type\" content=\"image\/png\" \/>\n<meta name=\"twitter:card\" content=\"summary_large_image\" \/>\n<meta name=\"twitter:site\" content=\"@SonoraDentistCA\" \/>\n<meta name=\"twitter:label1\" content=\"Est. reading time\" \/>\n\t<meta name=\"twitter:data1\" content=\"1 minuto\" \/>\n<script type=\"application\/ld+json\" class=\"yoast-schema-graph\">{\"@context\":\"https:\\\/\\\/schema.org\",\"@graph\":[{\"@type\":\"WebPage\",\"@id\":\"https:\\\/\\\/sonoradentist.com\\\/es\\\/ventajas-de-las-protesis-sobre-implantes\\\/\",\"url\":\"https:\\\/\\\/sonoradentist.com\\\/es\\\/ventajas-de-las-protesis-sobre-implantes\\\/\",\"name\":\"Advantages of Implant Dentures | Sonora Dentist | Dr. Paul Berger\",\"isPartOf\":{\"@id\":\"http:\\\/\\\/sonoradentist.com\\\/es\\\/#website\"},\"primaryImageOfPage\":{\"@id\":\"https:\\\/\\\/sonoradentist.com\\\/es\\\/ventajas-de-las-protesis-sobre-implantes\\\/#primaryimage\"},\"image\":{\"@id\":\"https:\\\/\\\/sonoradentist.com\\\/es\\\/ventajas-de-las-protesis-sobre-implantes\\\/#primaryimage\"},\"thumbnailUrl\":\"https:\\\/\\\/sonoradentist.com\\\/wp-content\\\/uploads\\\/2025\\\/06\\\/Advantages-of-Implant-Dentures-Sonora-Dentist-Dr.-Paul-Berger-e1749565804638.png\",\"datePublished\":\"2025-06-03T18:50:29+00:00\",\"dateModified\":\"2025-07-01T16:27:12+00:00\",\"description\":\"Lower dentures often loosen over time due to bone loss from pressure. Implants can stabilize them, reducing movement and improving function.\",\"breadcrumb\":{\"@id\":\"https:\\\/\\\/sonoradentist.com\\\/es\\\/ventajas-de-las-protesis-sobre-implantes\\\/#breadcrumb\"},\"inLanguage\":\"es\",\"potentialAction\":[{\"@type\":\"ReadAction\",\"target\":[\"https:\\\/\\\/sonoradentist.com\\\/es\\\/ventajas-de-las-protesis-sobre-implantes\\\/\"]}]},{\"@type\":\"ImageObject\",\"inLanguage\":\"es\",\"@id\":\"https:\\\/\\\/sonoradentist.com\\\/es\\\/ventajas-de-las-protesis-sobre-implantes\\\/#primaryimage\",\"url\":\"https:\\\/\\\/sonoradentist.com\\\/wp-content\\\/uploads\\\/2025\\\/06\\\/Advantages-of-Implant-Dentures-Sonora-Dentist-Dr.-Paul-Berger-e1749565804638.png\",\"contentUrl\":\"https:\\\/\\\/sonoradentist.com\\\/wp-content\\\/uploads\\\/2025\\\/06\\\/Advantages-of-Implant-Dentures-Sonora-Dentist-Dr.-Paul-Berger-e1749565804638.png\",\"width\":600,\"height\":540,\"caption\":\"Advantages of Implant Dentures Sonora Dentist Dr. Paul Berger\"},{\"@type\":\"BreadcrumbList\",\"@id\":\"https:\\\/\\\/sonoradentist.com\\\/es\\\/ventajas-de-las-protesis-sobre-implantes\\\/#breadcrumb\",\"itemListElement\":[{\"@type\":\"ListItem\",\"position\":1,\"name\":\"Home\",\"item\":\"http:\\\/\\\/sonoradentist.com\\\/es\\\/\"},{\"@type\":\"ListItem\",\"position\":2,\"name\":\"Advantages of Implant Dentures\"}]},{\"@type\":\"WebSite\",\"@id\":\"http:\\\/\\\/sonoradentist.com\\\/es\\\/#website\",\"url\":\"http:\\\/\\\/sonoradentist.com\\\/es\\\/\",\"name\":\"Dentist in Sonora, CA\",\"description\":\"Paul J. Berger, DDS - Sonora Dentist\",\"publisher\":{\"@id\":\"http:\\\/\\\/sonoradentist.com\\\/es\\\/#organization\"},\"alternateName\":\"Paul J. Berger, DDS - Sonora Dentist\",\"potentialAction\":[{\"@type\":\"SearchAction\",\"target\":{\"@type\":\"EntryPoint\",\"urlTemplate\":\"http:\\\/\\\/sonoradentist.com\\\/es\\\/?s={search_term_string}\"},\"query-input\":{\"@type\":\"PropertyValueSpecification\",\"valueRequired\":true,\"valueName\":\"search_term_string\"}}],\"inLanguage\":\"es\"},{\"@type\":\"Organization\",\"@id\":\"http:\\\/\\\/sonoradentist.com\\\/es\\\/#organization\",\"name\":\"Dentist in Sonora, CA\",\"alternateName\":\"Paul J. Berger, DDS - Sonora Dentist\",\"url\":\"http:\\\/\\\/sonoradentist.com\\\/es\\\/\",\"logo\":{\"@type\":\"ImageObject\",\"inLanguage\":\"es\",\"@id\":\"http:\\\/\\\/sonoradentist.com\\\/es\\\/#\\\/schema\\\/logo\\\/image\\\/\",\"url\":\"https:\\\/\\\/sonoradentist.com\\\/wp-content\\\/uploads\\\/2025\\\/06\\\/SonoraDentist-Icon-High-Res.png\",\"contentUrl\":\"https:\\\/\\\/sonoradentist.com\\\/wp-content\\\/uploads\\\/2025\\\/06\\\/SonoraDentist-Icon-High-Res.png\",\"width\":1020,\"height\":1107,\"caption\":\"Dentist in Sonora, CA\"},\"image\":{\"@id\":\"http:\\\/\\\/sonoradentist.com\\\/es\\\/#\\\/schema\\\/logo\\\/image\\\/\"},\"sameAs\":[\"https:\\\/\\\/www.facebook.com\\\/sonoradentist1\",\"https:\\\/\\\/x.com\\\/SonoraDentistCA\"]}]}<\/script>\n<!-- \/ Yoast SEO plugin. -->","yoast_head_json":{"title":"Ventajas de las pr\u00f3tesis sobre implantes | Sonora Dentist | Dr. Paul Berger","description":"Las pr\u00f3tesis inferiores suelen aflojarse con el tiempo debido a la p\u00e9rdida de hueso por la presi\u00f3n. Los implantes pueden estabilizarlas, reduciendo el movimiento y mejorando la funci\u00f3n.","robots":{"index":"index","follow":"follow","max-snippet":"max-snippet:-1","max-image-preview":"max-image-preview:large","max-video-preview":"max-video-preview:-1"},"canonical":"https:\/\/sonoradentist.com\/es\/ventajas-de-las-protesis-sobre-implantes\/","og_locale":"es_MX","og_type":"article","og_title":"Advantages of Implant Dentures | Sonora Dentist | Dr. Paul Berger","og_description":"Lower dentures often loosen over time due to bone loss from pressure. Implants can stabilize them, reducing movement and improving function.","og_url":"https:\/\/sonoradentist.com\/es\/ventajas-de-las-protesis-sobre-implantes\/","og_site_name":"Dentist in Sonora, CA","article_publisher":"https:\/\/www.facebook.com\/sonoradentist1","article_modified_time":"2025-07-01T16:27:12+00:00","og_image":[{"width":600,"height":540,"url":"https:\/\/sonoradentist.com\/wp-content\/uploads\/2025\/06\/Advantages-of-Implant-Dentures-Sonora-Dentist-Dr.-Paul-Berger-e1749565804638.png","type":"image\/png"}],"twitter_card":"summary_large_image","twitter_site":"@SonoraDentistCA","twitter_misc":{"Est. reading time":"1 minuto"},"schema":{"@context":"https:\/\/schema.org","@graph":[{"@type":"WebPage","@id":"https:\/\/sonoradentist.com\/es\/ventajas-de-las-protesis-sobre-implantes\/","url":"https:\/\/sonoradentist.com\/es\/ventajas-de-las-protesis-sobre-implantes\/","name":"Ventajas de las pr\u00f3tesis sobre implantes | Sonora Dentist | Dr. Paul Berger","isPartOf":{"@id":"http:\/\/sonoradentist.com\/es\/#website"},"primaryImageOfPage":{"@id":"https:\/\/sonoradentist.com\/es\/ventajas-de-las-protesis-sobre-implantes\/#primaryimage"},"image":{"@id":"https:\/\/sonoradentist.com\/es\/ventajas-de-las-protesis-sobre-implantes\/#primaryimage"},"thumbnailUrl":"https:\/\/sonoradentist.com\/wp-content\/uploads\/2025\/06\/Advantages-of-Implant-Dentures-Sonora-Dentist-Dr.-Paul-Berger-e1749565804638.png","datePublished":"2025-06-03T18:50:29+00:00","dateModified":"2025-07-01T16:27:12+00:00","description":"Las pr\u00f3tesis inferiores suelen aflojarse con el tiempo debido a la p\u00e9rdida de hueso por la presi\u00f3n. Los implantes pueden estabilizarlas, reduciendo el movimiento y mejorando la funci\u00f3n.","breadcrumb":{"@id":"https:\/\/sonoradentist.com\/es\/ventajas-de-las-protesis-sobre-implantes\/#breadcrumb"},"inLanguage":"es","potentialAction":[{"@type":"ReadAction","target":["https:\/\/sonoradentist.com\/es\/ventajas-de-las-protesis-sobre-implantes\/"]}]},{"@type":"ImageObject","inLanguage":"es","@id":"https:\/\/sonoradentist.com\/es\/ventajas-de-las-protesis-sobre-implantes\/#primaryimage","url":"https:\/\/sonoradentist.com\/wp-content\/uploads\/2025\/06\/Advantages-of-Implant-Dentures-Sonora-Dentist-Dr.-Paul-Berger-e1749565804638.png","contentUrl":"https:\/\/sonoradentist.com\/wp-content\/uploads\/2025\/06\/Advantages-of-Implant-Dentures-Sonora-Dentist-Dr.-Paul-Berger-e1749565804638.png","width":600,"height":540,"caption":"Advantages of Implant Dentures Sonora Dentist Dr. Paul Berger"},{"@type":"BreadcrumbList","@id":"https:\/\/sonoradentist.com\/es\/ventajas-de-las-protesis-sobre-implantes\/#breadcrumb","itemListElement":[{"@type":"ListItem","position":1,"name":"Home","item":"http:\/\/sonoradentist.com\/es\/"},{"@type":"ListItem","position":2,"name":"Advantages of Implant Dentures"}]},{"@type":"WebSite","@id":"http:\/\/sonoradentist.com\/es\/#website","url":"http:\/\/sonoradentist.com\/es\/","name":"Dentista en Sonora, CA","description":"Paul J. Berger, DDS - Sonora Dentista","publisher":{"@id":"http:\/\/sonoradentist.com\/es\/#organization"},"alternateName":"Paul J. Berger, DDS - Sonora Dentist","potentialAction":[{"@type":"SearchAction","target":{"@type":"EntryPoint","urlTemplate":"http:\/\/sonoradentist.com\/es\/?s={search_term_string}"},"query-input":{"@type":"PropertyValueSpecification","valueRequired":true,"valueName":"search_term_string"}}],"inLanguage":"es"},{"@type":"Organization","@id":"http:\/\/sonoradentist.com\/es\/#organization","name":"Dentista en Sonora, CA","alternateName":"Paul J. Berger, DDS - Sonora Dentist","url":"http:\/\/sonoradentist.com\/es\/","logo":{"@type":"ImageObject","inLanguage":"es","@id":"http:\/\/sonoradentist.com\/es\/#\/schema\/logo\/image\/","url":"https:\/\/sonoradentist.com\/wp-content\/uploads\/2025\/06\/SonoraDentist-Icon-High-Res.png","contentUrl":"https:\/\/sonoradentist.com\/wp-content\/uploads\/2025\/06\/SonoraDentist-Icon-High-Res.png","width":1020,"height":1107,"caption":"Dentist in Sonora, CA"},"image":{"@id":"http:\/\/sonoradentist.com\/es\/#\/schema\/logo\/image\/"},"sameAs":["https:\/\/www.facebook.com\/sonoradentist1","https:\/\/x.com\/SonoraDentistCA"]}]}},"_links":{"self":[{"href":"https:\/\/sonoradentist.com\/es\/wp-json\/wp\/v2\/pages\/826","targetHints":{"allow":["GET"]}}],"collection":[{"href":"https:\/\/sonoradentist.com\/es\/wp-json\/wp\/v2\/pages"}],"about":[{"href":"https:\/\/sonoradentist.com\/es\/wp-json\/wp\/v2\/types\/page"}],"author":[{"embeddable":true,"href":"https:\/\/sonoradentist.com\/es\/wp-json\/wp\/v2\/users\/7"}],"replies":[{"embeddable":true,"href":"https:\/\/sonoradentist.com\/es\/wp-json\/wp\/v2\/comments?post=826"}],"version-history":[{"count":0,"href":"https:\/\/sonoradentist.com\/es\/wp-json\/wp\/v2\/pages\/826\/revisions"}],"wp:featuredmedia":[{"embeddable":true,"href":"https:\/\/sonoradentist.com\/es\/wp-json\/wp\/v2\/media\/1180"}],"wp:attachment":[{"href":"https:\/\/sonoradentist.com\/es\/wp-json\/wp\/v2\/media?parent=826"}],"curies":[{"name":"wp","href":"https:\/\/api.w.org\/{rel}","templated":true}]}}