{"id":821,"date":"2025-06-03T14:52:46","date_gmt":"2025-06-03T18:52:46","guid":{"rendered":"https:\/\/sonoradentist.com\/?page_id=821"},"modified":"2025-07-01T12:09:36","modified_gmt":"2025-07-01T16:09:36","slug":"empastes-dentales-en-sonora-ca","status":"publish","type":"page","link":"https:\/\/sonoradentist.com\/es\/dental-fillings-in-sonora-ca\/","title":{"rendered":"Empastes Dentales en Sonora, CA"},"content":{"rendered":"<section class=\"section\" id=\"section_129028403\">\n\t\t<div class=\"section-bg fill\" >\n\t\t\t\t\t\t\t\t\t\n\t\t\t\n\n\t\t<\/div>\n\n\t\t\n\n\t\t<div class=\"section-content relative\">\n\t\t\t\n<div class=\"row\"  id=\"row-600321318\">\n\n\t<div id=\"col-1485952231\" class=\"col medium-12 small-12 large-8\"  >\n\t\t\t\t<div class=\"col-inner\"  >\n\t\t\t\n\t\t\t\n<h1>Empastes Dentales en Sonora, CA<\/h1>\n<p>En este v\u00eddeo, <a href=\"https:\/\/mdica.com\/listing\/paul-berger-dds\/\" target=\"_blank\" rel=\"noopener\"><strong>Dr. Paul Berger<\/strong><\/a> aborda las preguntas m\u00e1s frecuentes sobre los empastes de plata y explica por qu\u00e9 ahora utilizamos materiales adhesivos del color del diente como norma moderna en el tratamiento dental.<\/p>\n<div class=\"video video-fit mb\" style=\"padding-top:56.25%;\"><p><iframe loading=\"lazy\" title=\"Empastes Dentales en Sonora, CA | Dentista General en Sonora, CA | Dr. Paul Berger\" width=\"1020\" height=\"574\" src=\"https:\/\/www.youtube.com\/embed\/xluRBA-eZK0?wmode=transparent&amp;rel=0&amp;feature=oembed\" frameborder=\"0\" allow=\"accelerometer; autoplay; clipboard-write; encrypted-media; gyroscope; picture-in-picture; web-share\" referrerpolicy=\"strict-origin-when-cross-origin\" allowfullscreen><\/iframe><\/p>\n<\/div>\n<p>Muchos pacientes vienen a nuestra consulta con preguntas acerca de sus empastes de plata y si deben ser reemplazados. Si un empaste de plata est\u00e1 en buenas condiciones y funciona bien, normalmente no recomendamos reemplazarlo. Sin embargo, los empastes de plata no tienen ninguna uni\u00f3n al diente, por lo que con el tiempo pueden comenzar a romperse o agrietarse.<\/p>\n<p>Cuando eliminamos un empaste de plata antiguo o tratamos una caries nueva, utilizamos modernas t\u00e9cnicas de adhesi\u00f3n. Adherimos el diente y colocamos un empaste del color del diente que es a la vez funcional y est\u00e9ticamente agradable. La \u00faltima vez que colocamos un empaste de plata en nuestra consulta fue a mediados de los a\u00f1os ochenta. Bonding se ha convertido en una parte integral de la odontolog\u00eda contempor\u00e1nea, y es un procedimiento est\u00e1ndar que usted debe esperar cuando usted tiene rellenos hecho hoy.<\/p>\n<p>Si usted o un ser querido necesita un empaste dental para protegerse de las caries, <a href=\"https:\/\/sonoradentist.com\/es\/contacto\/\"><strong>programar una consulta<\/strong><\/a> con nuestro Dentista Sonora.<\/p>\n\t\t<\/div>\n\t\t\t\t\t<\/div>\n\n\t\n\n\t<div id=\"col-2069518496\" class=\"col medium-12 small-12 large-4\"  >\n\t\t\t\t<div class=\"col-inner\"  >\n\t\t\t\n\t\t\t\n<ul class=\"sidebar-wrapper ul-reset\"><li id=\"media_image-2\" class=\"widget widget_media_image\"><a href=\"\/es\/videos\/\"><img loading=\"lazy\" decoding=\"async\" width=\"600\" height=\"172\" src=\"https:\/\/sonoradentist.com\/wp-content\/uploads\/2025\/06\/Video-Library-Sonora-Dentist.png\" class=\"image wp-image-1580  attachment-full size-full\" alt=\"\" style=\"max-width: 100%; height: auto;\" srcset=\"https:\/\/sonoradentist.com\/wp-content\/uploads\/2025\/06\/Video-Library-Sonora-Dentist.png 600w, https:\/\/sonoradentist.com\/wp-content\/uploads\/2025\/06\/Video-Library-Sonora-Dentist-18x5.png 18w\" sizes=\"auto, (max-width: 600px) 100vw, 600px\" \/><\/a><\/li>\n<li id=\"text-14\" class=\"widget widget_text\">\t\t\t<div class=\"textwidget\"><div class=\"wpcf7 no-js\" id=\"wpcf7-f9-o1\" lang=\"en-US\" dir=\"ltr\" data-wpcf7-id=\"9\">\n<div class=\"screen-reader-response\">\n<p role=\"status\" aria-live=\"polite\" aria-atomic=\"true\">\n<ul><\/ul>\n<\/div>\n<form action=\"\/es\/wp-json\/wp\/v2\/pages\/821#wpcf7-f9-o1\" method=\"post\" class=\"wpcf7-form init cf7mls-no-scroll cf7mls-no-moving-animation\" aria-label=\"Formulario de contacto\" novalidate=\"novalidate\" data-status=\"init\" data-trp-original-action=\"\/es\/wp-json\/wp\/v2\/pages\/821#wpcf7-f9-o1\">\n<fieldset class=\"hidden-fields-container\"><input type=\"hidden\" name=\"_wpcf7\" value=\"9\" \/><input type=\"hidden\" name=\"_wpcf7_version\" value=\"6.1.5\" \/><input type=\"hidden\" name=\"_wpcf7_locale\" value=\"en_US\" \/><input type=\"hidden\" name=\"_wpcf7_unit_tag\" value=\"wpcf7-f9-o1\" \/><input type=\"hidden\" name=\"_wpcf7_container_post\" value=\"0\" \/><input type=\"hidden\" name=\"_wpcf7_posted_data_hash\" value=\"\" \/><input type=\"hidden\" name=\"_wpcf7cf_hidden_group_fields\" value=\"[]\" \/><input type=\"hidden\" name=\"_wpcf7cf_hidden_groups\" value=\"[]\" \/><input type=\"hidden\" name=\"_wpcf7cf_visible_groups\" value=\"[]\" \/><input type=\"hidden\" name=\"_wpcf7cf_repeaters\" value=\"[]\" \/><input type=\"hidden\" name=\"_wpcf7cf_steps\" value=\"{}\" \/><input type=\"hidden\" name=\"_wpcf7cf_options\" value=\"{&quot;form_id&quot;:9,&quot;conditions&quot;:[],&quot;settings&quot;:{&quot;animation&quot;:&quot;yes&quot;,&quot;animation_intime&quot;:200,&quot;animation_outtime&quot;:200,&quot;conditions_ui&quot;:&quot;normal&quot;,&quot;notice_dismissed&quot;:false}}\" \/><br \/>\n<\/fieldset>\n<p><center><\/p>\n<h3>CONSULTA GRATUITA SOBRE IMPLANTES<br \/>\n\t<\/h3>\n<p><\/center><\/p>\n<hr \/>\n<p><center><\/p>\n<p><span class=\"wpcf7-form-control-wrap\" data-name=\"your-name\"><input size=\"40\" maxlength=\"400\" class=\"wpcf7-form-control wpcf7-text wpcf7-validates-as-required\" aria-required=\"true\" aria-invalid=\"false\" placeholder=\"Nombre\" value=\"\" type=\"text\" name=\"your-name\" \/><\/span>\n\t<\/p>\n<p><span class=\"wpcf7-form-control-wrap\" data-name=\"your-email\"><input size=\"40\" maxlength=\"400\" class=\"wpcf7-form-control wpcf7-email wpcf7-validates-as-required wpcf7-text wpcf7-validates-as-email\" aria-required=\"true\" aria-invalid=\"false\" placeholder=\"Correo electr\u00f3nico\" value=\"\" type=\"email\" name=\"your-email\" \/><\/span>\n\t<\/p>\n<p><span class=\"wpcf7-form-control-wrap\" data-name=\"tel-545\"><input size=\"40\" maxlength=\"400\" class=\"wpcf7-form-control wpcf7-tel wpcf7-text wpcf7-validates-as-tel\" aria-invalid=\"false\" placeholder=\"N\u00famero de tel\u00e9fono\" value=\"\" type=\"tel\" name=\"tel-545\" \/><\/span>\n\t<\/p>\n<p><span class=\"wpcf7-form-control-wrap\" data-name=\"your-message\"><textarea cols=\"40\" rows=\"10\" maxlength=\"2000\" class=\"wpcf7-form-control wpcf7-textarea\" aria-invalid=\"false\" placeholder=\"\u00bfC\u00f3mo podemos ayudarle?\" name=\"your-message\"><\/textarea><\/span>\n\t<\/p>\n<p><input class=\"wpcf7-form-control wpcf7-submit has-spinner button\" type=\"submit\" value=\"Enviar solicitud\" \/>\n\t<\/p>\n<p><\/center><input\n                    class=\"apbct_special_field apbct_email_id__wp_contact_form_7\"\n                    name=\"apbct__email_id__wp_contact_form_7\"\n                    aria-label=\"apbct__label_id__wp_contact_form_7\"\n                    type=\"text\" size=\"30\" maxlength=\"200\" autocomplete=\"off\"\n                    value=\"\"\n                \/><\/p>\n<div class=\"wpcf7-response-output\" aria-hidden=\"true\"><\/div>\n<input type=\"hidden\" name=\"trp-form-language\" value=\"es\"\/><\/form>\n<\/div>\n<\/div>\n\t\t<\/li><\/ul>\n<h2>V\u00eddeos relacionados<\/h2>\n<hr \/>\n<ul>\n<li class=\"bullet-arrow\"><strong><a href=\"https:\/\/sonoradentist.com\/es\/que-es-una-cbct-y-como-se-utiliza-en-odontologia\/\">\u00bfQu\u00e9 es una CBCT y c\u00f3mo se utiliza en odontolog\u00eda?<\/a><\/strong><\/li>\n<li class=\"bullet-arrow\"><strong><a href=\"https:\/\/sonoradentist.com\/es\/que-es-una-endodoncia\/\">\u00bfQu\u00e9 es una endodoncia?<\/a><\/strong><\/li>\n<li class=\"bullet-arrow\"><strong><a href=\"https:\/\/sonoradentist.com\/es\/extracciones-dentales-en-sonora-ca\/\">\u00bfRealiza extracciones dentales?<\/a><\/strong><\/li>\n<li class=\"bullet-arrow\"><strong><a href=\"https:\/\/sonoradentist.com\/es\/sedacion-dental-en-sonora-ca\/\">\u00bfOfrecen odontolog\u00eda bajo sedaci\u00f3n?<\/a><\/strong><\/li>\n<\/ul>\n\t\t<\/div>\n\t\t\t\t\t<\/div>\n\n\t\n<\/div>\n\t\t<\/div>\n\n\t\t\n<style>\n#section_129028403 {\n  padding-top: 30px;\n  padding-bottom: 30px;\n}\n<\/style>\n\t<\/section>","protected":false},"excerpt":{"rendered":"","protected":false},"author":7,"featured_media":1172,"parent":0,"menu_order":0,"comment_status":"closed","ping_status":"closed","template":"page-blank.php","meta":{"rop_custom_images_group":[],"rop_custom_messages_group":[],"rop_publish_now":"initial","rop_publish_now_accounts":{"twitter_1939695540276490240_1939695540276490240":"","gmb_109265489736877664202_accounts\/109265489736877664202\/locations\/13631788775042370546":""},"rop_publish_now_history":[],"rop_publish_now_status":"pending","footnotes":""},"class_list":["post-821","page","type-page","status-publish","has-post-thumbnail","hentry"],"yoast_head":"<!-- This site is optimized with the Yoast SEO plugin v27.1.1 - https:\/\/yoast.com\/product\/yoast-seo-wordpress\/ -->\n<title>Dental Fillings in Sonora, CA | Gentle Cavity Treatment \ud83d\ude01<\/title>\n<meta name=\"description\" content=\"Do you need dental fillings in Sonora, CA? We fix damage with composite fillings that match your smile. Book your free consultation today.\" \/>\n<meta name=\"robots\" content=\"index, follow, max-snippet:-1, max-image-preview:large, max-video-preview:-1\" \/>\n<link rel=\"canonical\" href=\"https:\/\/sonoradentist.com\/es\/empastes-dentales-en-sonora-ca\/\" \/>\n<meta property=\"og:locale\" content=\"es_MX\" \/>\n<meta property=\"og:type\" content=\"article\" \/>\n<meta property=\"og:title\" content=\"Dental Fillings in Sonora, CA | Gentle Cavity Treatment \ud83d\ude01\" \/>\n<meta property=\"og:description\" content=\"Do you need dental fillings in Sonora, CA? We fix damage with composite fillings that match your smile. Book your free consultation today.\" \/>\n<meta property=\"og:url\" content=\"https:\/\/sonoradentist.com\/es\/empastes-dentales-en-sonora-ca\/\" \/>\n<meta property=\"og:site_name\" content=\"Dentist in Sonora, CA\" \/>\n<meta property=\"article:publisher\" content=\"https:\/\/www.facebook.com\/sonoradentist1\" \/>\n<meta property=\"article:modified_time\" content=\"2025-07-01T16:09:36+00:00\" \/>\n<meta property=\"og:image\" content=\"https:\/\/sonoradentist.com\/wp-content\/uploads\/2025\/06\/Dental-Fillings-in-Sonora-CA-Paul-Berger-DDS-Sonora-Dentist.jpg\" \/>\n\t<meta property=\"og:image:width\" content=\"500\" \/>\n\t<meta property=\"og:image:height\" content=\"319\" \/>\n\t<meta property=\"og:image:type\" content=\"image\/jpeg\" \/>\n<meta name=\"twitter:card\" content=\"summary_large_image\" \/>\n<meta name=\"twitter:site\" content=\"@SonoraDentistCA\" \/>\n<meta name=\"twitter:label1\" content=\"Est. reading time\" \/>\n\t<meta name=\"twitter:data1\" content=\"2 minutos\" \/>\n<script type=\"application\/ld+json\" class=\"yoast-schema-graph\">{\"@context\":\"https:\/\/schema.org\",\"@graph\":[{\"@type\":\"WebPage\",\"@id\":\"https:\/\/sonoradentist.com\/es\/dental-fillings-in-sonora-ca\/\",\"url\":\"https:\/\/sonoradentist.com\/es\/dental-fillings-in-sonora-ca\/\",\"name\":\"Dental Fillings in Sonora, CA | Gentle Cavity Treatment \ud83d\ude01\",\"isPartOf\":{\"@id\":\"https:\/\/sonoradentist.com\/#website\"},\"primaryImageOfPage\":{\"@id\":\"https:\/\/sonoradentist.com\/es\/dental-fillings-in-sonora-ca\/#primaryimage\"},\"image\":{\"@id\":\"https:\/\/sonoradentist.com\/es\/dental-fillings-in-sonora-ca\/#primaryimage\"},\"thumbnailUrl\":\"https:\/\/sonoradentist.com\/wp-content\/uploads\/2025\/06\/Dental-Fillings-in-Sonora-CA-Paul-Berger-DDS-Sonora-Dentist.jpg\",\"datePublished\":\"2025-06-03T18:52:46+00:00\",\"dateModified\":\"2025-07-01T16:09:36+00:00\",\"description\":\"Do you need dental fillings in Sonora, CA? We fix damage with composite fillings that match your smile. Book your free consultation today.\",\"breadcrumb\":{\"@id\":\"https:\/\/sonoradentist.com\/es\/dental-fillings-in-sonora-ca\/#breadcrumb\"},\"inLanguage\":\"es\",\"potentialAction\":[{\"@type\":\"ReadAction\",\"target\":[\"https:\/\/sonoradentist.com\/es\/dental-fillings-in-sonora-ca\/\"]}]},{\"@type\":\"ImageObject\",\"inLanguage\":\"es\",\"@id\":\"https:\/\/sonoradentist.com\/es\/dental-fillings-in-sonora-ca\/#primaryimage\",\"url\":\"https:\/\/sonoradentist.com\/wp-content\/uploads\/2025\/06\/Dental-Fillings-in-Sonora-CA-Paul-Berger-DDS-Sonora-Dentist.jpg\",\"contentUrl\":\"https:\/\/sonoradentist.com\/wp-content\/uploads\/2025\/06\/Dental-Fillings-in-Sonora-CA-Paul-Berger-DDS-Sonora-Dentist.jpg\",\"width\":500,\"height\":319,\"caption\":\"Dental Fillings in Sonora, CA | Gentle Cavity Treatment \ud83d\ude01\"},{\"@type\":\"BreadcrumbList\",\"@id\":\"https:\/\/sonoradentist.com\/es\/dental-fillings-in-sonora-ca\/#breadcrumb\",\"itemListElement\":[{\"@type\":\"ListItem\",\"position\":1,\"name\":\"Home\",\"item\":\"https:\/\/sonoradentist.com\/es\/\"},{\"@type\":\"ListItem\",\"position\":2,\"name\":\"Dental Fillings in Sonora, CA\"}]},{\"@type\":\"WebSite\",\"@id\":\"https:\/\/sonoradentist.com\/#website\",\"url\":\"https:\/\/sonoradentist.com\/\",\"name\":\"Dentist in Sonora, CA\",\"description\":\"Paul J. Berger, DDS - Sonora Dentist\",\"publisher\":{\"@id\":\"https:\/\/sonoradentist.com\/#organization\"},\"alternateName\":\"Paul J. Berger, DDS - Sonora Dentist\",\"potentialAction\":[{\"@type\":\"SearchAction\",\"target\":{\"@type\":\"EntryPoint\",\"urlTemplate\":\"https:\/\/sonoradentist.com\/?s={search_term_string}\"},\"query-input\":{\"@type\":\"PropertyValueSpecification\",\"valueRequired\":true,\"valueName\":\"search_term_string\"}}],\"inLanguage\":\"es\"},{\"@type\":\"Organization\",\"@id\":\"https:\/\/sonoradentist.com\/#organization\",\"name\":\"Dentist in Sonora, CA\",\"alternateName\":\"Paul J. Berger, DDS - Sonora Dentist\",\"url\":\"https:\/\/sonoradentist.com\/\",\"logo\":{\"@type\":\"ImageObject\",\"inLanguage\":\"es\",\"@id\":\"https:\/\/sonoradentist.com\/#\/schema\/logo\/image\/\",\"url\":\"https:\/\/sonoradentist.com\/wp-content\/uploads\/2025\/06\/SonoraDentist-Icon-High-Res.png\",\"contentUrl\":\"https:\/\/sonoradentist.com\/wp-content\/uploads\/2025\/06\/SonoraDentist-Icon-High-Res.png\",\"width\":1020,\"height\":1107,\"caption\":\"Dentist in Sonora, CA\"},\"image\":{\"@id\":\"https:\/\/sonoradentist.com\/#\/schema\/logo\/image\/\"},\"sameAs\":[\"https:\/\/www.facebook.com\/sonoradentist1\",\"https:\/\/x.com\/SonoraDentistCA\"]}]}<\/script>\n<!-- \/ Yoast SEO plugin. -->","yoast_head_json":{"title":"Empastes Dentales en Sonora, CA | Tratamiento Suave de Caries \ud83d\ude01","description":"\u00bfNecesita empastes dentales en Sonora, CA? Arreglamos los da\u00f1os con empastes de composite que coinciden con su sonrisa. Reserve su consulta gratis hoy.","robots":{"index":"index","follow":"follow","max-snippet":"max-snippet:-1","max-image-preview":"max-image-preview:large","max-video-preview":"max-video-preview:-1"},"canonical":"https:\/\/sonoradentist.com\/es\/empastes-dentales-en-sonora-ca\/","og_locale":"es_MX","og_type":"article","og_title":"Dental Fillings in Sonora, CA | Gentle Cavity Treatment \ud83d\ude01","og_description":"Do you need dental fillings in Sonora, CA? We fix damage with composite fillings that match your smile. Book your free consultation today.","og_url":"https:\/\/sonoradentist.com\/es\/empastes-dentales-en-sonora-ca\/","og_site_name":"Dentist in Sonora, CA","article_publisher":"https:\/\/www.facebook.com\/sonoradentist1","article_modified_time":"2025-07-01T16:09:36+00:00","og_image":[{"width":500,"height":319,"url":"https:\/\/sonoradentist.com\/wp-content\/uploads\/2025\/06\/Dental-Fillings-in-Sonora-CA-Paul-Berger-DDS-Sonora-Dentist.jpg","type":"image\/jpeg"}],"twitter_card":"summary_large_image","twitter_site":"@SonoraDentistCA","twitter_misc":{"Est. reading time":"2 minutos"},"schema":{"@context":"https:\/\/schema.org","@graph":[{"@type":"WebPage","@id":"https:\/\/sonoradentist.com\/es\/dental-fillings-in-sonora-ca\/","url":"https:\/\/sonoradentist.com\/es\/dental-fillings-in-sonora-ca\/","name":"Empastes Dentales en Sonora, CA | Tratamiento Suave de Caries \ud83d\ude01","isPartOf":{"@id":"https:\/\/sonoradentist.com\/#website"},"primaryImageOfPage":{"@id":"https:\/\/sonoradentist.com\/es\/dental-fillings-in-sonora-ca\/#primaryimage"},"image":{"@id":"https:\/\/sonoradentist.com\/es\/dental-fillings-in-sonora-ca\/#primaryimage"},"thumbnailUrl":"https:\/\/sonoradentist.com\/wp-content\/uploads\/2025\/06\/Dental-Fillings-in-Sonora-CA-Paul-Berger-DDS-Sonora-Dentist.jpg","datePublished":"2025-06-03T18:52:46+00:00","dateModified":"2025-07-01T16:09:36+00:00","description":"\u00bfNecesita empastes dentales en Sonora, CA? Arreglamos los da\u00f1os con empastes de composite que coinciden con su sonrisa. Reserve su consulta gratis hoy.","breadcrumb":{"@id":"https:\/\/sonoradentist.com\/es\/dental-fillings-in-sonora-ca\/#breadcrumb"},"inLanguage":"es","potentialAction":[{"@type":"ReadAction","target":["https:\/\/sonoradentist.com\/es\/dental-fillings-in-sonora-ca\/"]}]},{"@type":"ImageObject","inLanguage":"es","@id":"https:\/\/sonoradentist.com\/es\/dental-fillings-in-sonora-ca\/#primaryimage","url":"https:\/\/sonoradentist.com\/wp-content\/uploads\/2025\/06\/Dental-Fillings-in-Sonora-CA-Paul-Berger-DDS-Sonora-Dentist.jpg","contentUrl":"https:\/\/sonoradentist.com\/wp-content\/uploads\/2025\/06\/Dental-Fillings-in-Sonora-CA-Paul-Berger-DDS-Sonora-Dentist.jpg","width":500,"height":319,"caption":"Dental Fillings in Sonora, CA | Gentle Cavity Treatment \ud83d\ude01"},{"@type":"BreadcrumbList","@id":"https:\/\/sonoradentist.com\/es\/dental-fillings-in-sonora-ca\/#breadcrumb","itemListElement":[{"@type":"ListItem","position":1,"name":"Home","item":"https:\/\/sonoradentist.com\/es\/"},{"@type":"ListItem","position":2,"name":"Dental Fillings in Sonora, CA"}]},{"@type":"WebSite","@id":"https:\/\/sonoradentist.com\/#website","url":"https:\/\/sonoradentist.com\/","name":"Dentista en Sonora, CA","description":"Paul J. Berger, DDS - Sonora Dentista","publisher":{"@id":"https:\/\/sonoradentist.com\/#organization"},"alternateName":"Paul J. Berger, DDS - Sonora Dentist","potentialAction":[{"@type":"SearchAction","target":{"@type":"EntryPoint","urlTemplate":"https:\/\/sonoradentist.com\/?s={search_term_string}"},"query-input":{"@type":"PropertyValueSpecification","valueRequired":true,"valueName":"search_term_string"}}],"inLanguage":"es"},{"@type":"Organization","@id":"https:\/\/sonoradentist.com\/#organization","name":"Dentista en Sonora, CA","alternateName":"Paul J. Berger, DDS - Sonora Dentist","url":"https:\/\/sonoradentist.com\/","logo":{"@type":"ImageObject","inLanguage":"es","@id":"https:\/\/sonoradentist.com\/#\/schema\/logo\/image\/","url":"https:\/\/sonoradentist.com\/wp-content\/uploads\/2025\/06\/SonoraDentist-Icon-High-Res.png","contentUrl":"https:\/\/sonoradentist.com\/wp-content\/uploads\/2025\/06\/SonoraDentist-Icon-High-Res.png","width":1020,"height":1107,"caption":"Dentist in Sonora, CA"},"image":{"@id":"https:\/\/sonoradentist.com\/#\/schema\/logo\/image\/"},"sameAs":["https:\/\/www.facebook.com\/sonoradentist1","https:\/\/x.com\/SonoraDentistCA"]}]}},"_links":{"self":[{"href":"https:\/\/sonoradentist.com\/es\/wp-json\/wp\/v2\/pages\/821","targetHints":{"allow":["GET"]}}],"collection":[{"href":"https:\/\/sonoradentist.com\/es\/wp-json\/wp\/v2\/pages"}],"about":[{"href":"https:\/\/sonoradentist.com\/es\/wp-json\/wp\/v2\/types\/page"}],"author":[{"embeddable":true,"href":"https:\/\/sonoradentist.com\/es\/wp-json\/wp\/v2\/users\/7"}],"replies":[{"embeddable":true,"href":"https:\/\/sonoradentist.com\/es\/wp-json\/wp\/v2\/comments?post=821"}],"version-history":[{"count":0,"href":"https:\/\/sonoradentist.com\/es\/wp-json\/wp\/v2\/pages\/821\/revisions"}],"wp:featuredmedia":[{"embeddable":true,"href":"https:\/\/sonoradentist.com\/es\/wp-json\/wp\/v2\/media\/1172"}],"wp:attachment":[{"href":"https:\/\/sonoradentist.com\/es\/wp-json\/wp\/v2\/media?parent=821"}],"curies":[{"name":"wp","href":"https:\/\/api.w.org\/{rel}","templated":true}]}}