{"id":817,"date":"2025-06-03T14:51:43","date_gmt":"2025-06-03T18:51:43","guid":{"rendered":"https:\/\/sonoradentist.com\/?page_id=817"},"modified":"2025-07-01T12:17:37","modified_gmt":"2025-07-01T16:17:37","slug":"puedo-ponerme-un-implante-el-mismo-dia-que-una-extraccion","status":"publish","type":"page","link":"https:\/\/sonoradentist.com\/es\/can-i-get-a-dental-implant-the-same-day-as-an-extraction\/","title":{"rendered":"\u00bfPuedo colocarme un implante dental el mismo d\u00eda que una extracci\u00f3n?"},"content":{"rendered":"<section class=\"section\" id=\"section_1236370711\">\n\t\t<div class=\"section-bg fill\" >\n\t\t\t\t\t\t\t\t\t\n\t\t\t\n\n\t\t<\/div>\n\n\t\t\n\n\t\t<div class=\"section-content relative\">\n\t\t\t\n<div class=\"row\"  id=\"row-243721348\">\n\n\t<div id=\"col-1499246420\" class=\"col medium-12 small-12 large-8\"  >\n\t\t\t\t<div class=\"col-inner\"  >\n\t\t\t\n\t\t\t\n<h1>\u00bfPuedo colocarme un implante dental el mismo d\u00eda que una extracci\u00f3n?<\/h1>\n<p>En este v\u00eddeo, el Dr. Berger habla de c\u00f3mo a menudo extraemos un diente y colocamos un implante con una corona provisional el mismo d\u00eda; un enfoque especialmente \u00fatil para los pacientes que necesitan atenci\u00f3n urgente antes de viajar.<\/p>\n<div class=\"video video-fit mb\" style=\"padding-top:56.25%;\"><p><iframe loading=\"lazy\" title=\"\u00bfPuedo obtener un implante dental el mismo d\u00eda de la extracci\u00f3n? | Mini Implantes Dentales en Sonora, CA\" width=\"1020\" height=\"574\" src=\"https:\/\/www.youtube.com\/embed\/MstNU7_YCaY?wmode=transparent&amp;rel=0&amp;feature=oembed\" frameborder=\"0\" allow=\"accelerometer; autoplay; clipboard-write; encrypted-media; gyroscope; picture-in-picture; web-share\" referrerpolicy=\"strict-origin-when-cross-origin\" allowfullscreen><\/iframe><\/p>\n<\/div>\n<p>A menudo podemos realizar extracciones y colocar implantes el mismo d\u00eda, normalmente con injertos \u00f3seos alrededor del implante para favorecer la cicatrizaci\u00f3n antes de colocar una corona.<\/p>\n<p>En algunas situaciones de emergencia, si un diente se ha roto, podemos extraerlo y colocar el implante inmediatamente, proporcionando una corona temporal durante el proceso de cicatrizaci\u00f3n. Una vez completada la cicatrizaci\u00f3n, sustituimos la corona provisional por una corona permanente bien ajustada.<\/p>\n<p>Este enfoque nos ha resultado especialmente \u00fatil para los pacientes que se preparan para viajar al extranjero, por ejemplo a Europa. Muchos de estos pacientes vienen el d\u00eda antes de su viaje y preguntan: \"\u00bfPuede ayudarme?\". Lo hemos conseguido en varias ocasiones y los resultados han sido muy favorables.<\/p>\n\t\t<\/div>\n\t\t\t\t\t<\/div>\n\n\t\n\n\t<div id=\"col-1404959058\" class=\"col medium-12 small-12 large-4\"  >\n\t\t\t\t<div class=\"col-inner\"  >\n\t\t\t\n\t\t\t\n<ul class=\"sidebar-wrapper ul-reset\"><li id=\"media_image-2\" class=\"widget widget_media_image\"><a href=\"\/es\/videos\/\"><img loading=\"lazy\" decoding=\"async\" width=\"600\" height=\"172\" src=\"https:\/\/sonoradentist.com\/wp-content\/uploads\/2025\/06\/Video-Library-Sonora-Dentist.png\" class=\"image wp-image-1580  attachment-full size-full\" alt=\"\" style=\"max-width: 100%; height: auto;\" srcset=\"https:\/\/sonoradentist.com\/wp-content\/uploads\/2025\/06\/Video-Library-Sonora-Dentist.png 600w, https:\/\/sonoradentist.com\/wp-content\/uploads\/2025\/06\/Video-Library-Sonora-Dentist-18x5.png 18w\" sizes=\"auto, (max-width: 600px) 100vw, 600px\" \/><\/a><\/li>\n<li id=\"text-14\" class=\"widget widget_text\">\t\t\t<div class=\"textwidget\"><div class=\"wpcf7 no-js\" id=\"wpcf7-f9-o1\" lang=\"en-US\" dir=\"ltr\" data-wpcf7-id=\"9\">\n<div class=\"screen-reader-response\">\n<p role=\"status\" aria-live=\"polite\" aria-atomic=\"true\">\n<ul><\/ul>\n<\/div>\n<form action=\"\/es\/wp-json\/wp\/v2\/pages\/817#wpcf7-f9-o1\" method=\"post\" class=\"wpcf7-form init cf7mls-no-scroll cf7mls-no-moving-animation\" aria-label=\"Formulario de contacto\" novalidate=\"novalidate\" data-status=\"init\" data-trp-original-action=\"\/es\/wp-json\/wp\/v2\/pages\/817#wpcf7-f9-o1\">\n<fieldset class=\"hidden-fields-container\"><input type=\"hidden\" name=\"_wpcf7\" value=\"9\" \/><input type=\"hidden\" name=\"_wpcf7_version\" value=\"6.1.5\" \/><input type=\"hidden\" name=\"_wpcf7_locale\" value=\"en_US\" \/><input type=\"hidden\" name=\"_wpcf7_unit_tag\" value=\"wpcf7-f9-o1\" \/><input type=\"hidden\" name=\"_wpcf7_container_post\" value=\"0\" \/><input type=\"hidden\" name=\"_wpcf7_posted_data_hash\" value=\"\" \/><input type=\"hidden\" name=\"_wpcf7cf_hidden_group_fields\" value=\"[]\" \/><input type=\"hidden\" name=\"_wpcf7cf_hidden_groups\" value=\"[]\" \/><input type=\"hidden\" name=\"_wpcf7cf_visible_groups\" value=\"[]\" \/><input type=\"hidden\" name=\"_wpcf7cf_repeaters\" value=\"[]\" \/><input type=\"hidden\" name=\"_wpcf7cf_steps\" value=\"{}\" \/><input type=\"hidden\" name=\"_wpcf7cf_options\" value=\"{&quot;form_id&quot;:9,&quot;conditions&quot;:[],&quot;settings&quot;:{&quot;animation&quot;:&quot;yes&quot;,&quot;animation_intime&quot;:200,&quot;animation_outtime&quot;:200,&quot;conditions_ui&quot;:&quot;normal&quot;,&quot;notice_dismissed&quot;:false}}\" \/><br \/>\n<\/fieldset>\n<p><center><\/p>\n<h3>CONSULTA GRATUITA SOBRE IMPLANTES<br \/>\n\t<\/h3>\n<p><\/center><\/p>\n<hr \/>\n<p><center><\/p>\n<p><span class=\"wpcf7-form-control-wrap\" data-name=\"your-name\"><input size=\"40\" maxlength=\"400\" class=\"wpcf7-form-control wpcf7-text wpcf7-validates-as-required\" aria-required=\"true\" aria-invalid=\"false\" placeholder=\"Nombre\" value=\"\" type=\"text\" name=\"your-name\" \/><\/span>\n\t<\/p>\n<p><span class=\"wpcf7-form-control-wrap\" data-name=\"your-email\"><input size=\"40\" maxlength=\"400\" class=\"wpcf7-form-control wpcf7-email wpcf7-validates-as-required wpcf7-text wpcf7-validates-as-email\" aria-required=\"true\" aria-invalid=\"false\" placeholder=\"Correo electr\u00f3nico\" value=\"\" type=\"email\" name=\"your-email\" \/><\/span>\n\t<\/p>\n<p><span class=\"wpcf7-form-control-wrap\" data-name=\"tel-545\"><input size=\"40\" maxlength=\"400\" class=\"wpcf7-form-control wpcf7-tel wpcf7-text wpcf7-validates-as-tel\" aria-invalid=\"false\" placeholder=\"N\u00famero de tel\u00e9fono\" value=\"\" type=\"tel\" name=\"tel-545\" \/><\/span>\n\t<\/p>\n<p><span class=\"wpcf7-form-control-wrap\" data-name=\"your-message\"><textarea cols=\"40\" rows=\"10\" maxlength=\"2000\" class=\"wpcf7-form-control wpcf7-textarea\" aria-invalid=\"false\" placeholder=\"\u00bfC\u00f3mo podemos ayudarle?\" name=\"your-message\"><\/textarea><\/span>\n\t<\/p>\n<p><input class=\"wpcf7-form-control wpcf7-submit has-spinner button\" type=\"submit\" value=\"Enviar solicitud\" \/>\n\t<\/p>\n<p><\/center><input\n                    class=\"apbct_special_field apbct_email_id__wp_contact_form_7\"\n                    name=\"apbct__email_id__wp_contact_form_7\"\n                    aria-label=\"apbct__label_id__wp_contact_form_7\"\n                    type=\"text\" size=\"30\" maxlength=\"200\" autocomplete=\"off\"\n                    value=\"\"\n                \/><\/p>\n<div class=\"wpcf7-response-output\" aria-hidden=\"true\"><\/div>\n<input type=\"hidden\" name=\"trp-form-language\" value=\"es\"\/><\/form>\n<\/div>\n<\/div>\n\t\t<\/li><\/ul>\n<h2>V\u00eddeos relacionados<\/h2>\n<hr \/>\n<ul>\n<li class=\"bullet-arrow\"><strong><a href=\"https:\/\/sonoradentist.com\/es\/que-es-un-miniimplante-dental\/\">\u00bfQu\u00e9 es un miniimplante dental?<\/a><\/strong><\/li>\n<li class=\"bullet-arrow\"><strong><a href=\"https:\/\/sonoradentist.com\/es\/cuanto-tiempo-se-tarda-en-colocarse-un-miniimplante-dental\/\">\u00bfCu\u00e1nto se tarda en colocar un miniimplante dental?<\/a><\/strong><\/li>\n<li class=\"bullet-arrow\"><strong><a href=\"https:\/\/sonoradentist.com\/es\/se-puede-sustituir-un-diente-perdido-en-un-dia\/\">\u00bfSe puede sustituir un diente perdido en un d\u00eda?<\/a><\/strong><\/li>\n<li class=\"bullet-arrow\"><strong><a href=\"https:\/\/sonoradentist.com\/es\/le-convienen-los-implantes-dentales-en-el-mismo-dia\/\">\u00bfLe convienen los implantes dentales en el mismo d\u00eda?<\/a><\/strong><\/li>\n<li class=\"bullet-arrow\"><strong><a href=\"https:\/\/sonoradentist.com\/es\/miniimplantes-dentales-frente-a-implantes-dentales-tradicionales\/\">Miniimplantes dentales frente a implantes dentales tradicionales<\/a><\/strong><\/li>\n<li class=\"bullet-arrow\"><strong><a href=\"https:\/\/sonoradentist.com\/es\/pueden-los-implantes-dentales-sustituir-todos-mis-dientes\/\">\u00bfPueden los implantes dentales sustituir todos mis dientes?<\/a><\/strong><\/li>\n<li class=\"bullet-arrow\"><strong><a href=\"https:\/\/sonoradentist.com\/es\/el-proceso-del-miniimplante-dental-explicado\/\">Explicaci\u00f3n del proceso de miniimplante dental<\/a><\/strong><\/li>\n<\/ul>\n\t\t<\/div>\n\t\t\t\t\t<\/div>\n\n\t\n<\/div>\n\t\t<\/div>\n\n\t\t\n<style>\n#section_1236370711 {\n  padding-top: 30px;\n  padding-bottom: 30px;\n}\n<\/style>\n\t<\/section>","protected":false},"excerpt":{"rendered":"","protected":false},"author":7,"featured_media":1176,"parent":0,"menu_order":0,"comment_status":"closed","ping_status":"closed","template":"page-blank.php","meta":{"rop_custom_images_group":[],"rop_custom_messages_group":[],"rop_publish_now":"initial","rop_publish_now_accounts":{"twitter_1939695540276490240_1939695540276490240":"","gmb_109265489736877664202_accounts\/109265489736877664202\/locations\/13631788775042370546":""},"rop_publish_now_history":[],"rop_publish_now_status":"pending","footnotes":""},"class_list":["post-817","page","type-page","status-publish","has-post-thumbnail","hentry"],"yoast_head":"<!-- This site is optimized with the Yoast SEO plugin v27.1.1 - https:\/\/yoast.com\/product\/yoast-seo-wordpress\/ -->\n<title>Can I Get a Dental Implant the Same Day as an Extraction?<\/title>\n<meta name=\"description\" content=\"We often extract teeth and place implants the same day, sometimes with a temporary crown\u2014ideal for patients needing urgent care before travel.\" \/>\n<meta name=\"robots\" content=\"index, follow, max-snippet:-1, max-image-preview:large, max-video-preview:-1\" \/>\n<link rel=\"canonical\" href=\"https:\/\/sonoradentist.com\/es\/puedo-ponerme-un-implante-el-mismo-dia-que-una-extraccion\/\" \/>\n<meta property=\"og:locale\" content=\"es_MX\" \/>\n<meta property=\"og:type\" content=\"article\" \/>\n<meta property=\"og:title\" content=\"Can I Get a Dental Implant the Same Day as an Extraction?\" \/>\n<meta property=\"og:description\" content=\"We often extract teeth and place implants the same day, sometimes with a temporary crown\u2014ideal for patients needing urgent care before travel.\" \/>\n<meta property=\"og:url\" content=\"https:\/\/sonoradentist.com\/es\/puedo-ponerme-un-implante-el-mismo-dia-que-una-extraccion\/\" \/>\n<meta property=\"og:site_name\" content=\"Dentist in Sonora, CA\" \/>\n<meta property=\"article:publisher\" content=\"https:\/\/www.facebook.com\/sonoradentist1\" \/>\n<meta property=\"article:modified_time\" content=\"2025-07-01T16:17:37+00:00\" \/>\n<meta property=\"og:image\" content=\"https:\/\/sonoradentist.com\/wp-content\/uploads\/2025\/06\/Can-I-Get-a-Dental-Implant-the-Same-Day-as-an-Extraction.jpg\" \/>\n\t<meta property=\"og:image:width\" content=\"500\" \/>\n\t<meta property=\"og:image:height\" content=\"334\" \/>\n\t<meta property=\"og:image:type\" content=\"image\/jpeg\" \/>\n<meta name=\"twitter:card\" content=\"summary_large_image\" \/>\n<meta name=\"twitter:site\" content=\"@SonoraDentistCA\" \/>\n<meta name=\"twitter:label1\" content=\"Est. reading time\" \/>\n\t<meta name=\"twitter:data1\" content=\"2 minutos\" \/>\n<script type=\"application\/ld+json\" class=\"yoast-schema-graph\">{\"@context\":\"https:\/\/schema.org\",\"@graph\":[{\"@type\":\"WebPage\",\"@id\":\"https:\/\/sonoradentist.com\/can-i-get-a-dental-implant-the-same-day-as-an-extraction\/\",\"url\":\"https:\/\/sonoradentist.com\/can-i-get-a-dental-implant-the-same-day-as-an-extraction\/\",\"name\":\"Can I Get a Dental Implant the Same Day as an Extraction?\",\"isPartOf\":{\"@id\":\"https:\/\/sonoradentist.com\/#website\"},\"primaryImageOfPage\":{\"@id\":\"https:\/\/sonoradentist.com\/can-i-get-a-dental-implant-the-same-day-as-an-extraction\/#primaryimage\"},\"image\":{\"@id\":\"https:\/\/sonoradentist.com\/can-i-get-a-dental-implant-the-same-day-as-an-extraction\/#primaryimage\"},\"thumbnailUrl\":\"https:\/\/sonoradentist.com\/wp-content\/uploads\/2025\/06\/Can-I-Get-a-Dental-Implant-the-Same-Day-as-an-Extraction.jpg\",\"datePublished\":\"2025-06-03T18:51:43+00:00\",\"dateModified\":\"2025-07-01T16:17:37+00:00\",\"description\":\"We often extract teeth and place implants the same day, sometimes with a temporary crown\u2014ideal for patients needing urgent care before travel.\",\"breadcrumb\":{\"@id\":\"https:\/\/sonoradentist.com\/can-i-get-a-dental-implant-the-same-day-as-an-extraction\/#breadcrumb\"},\"inLanguage\":\"es\",\"potentialAction\":[{\"@type\":\"ReadAction\",\"target\":[\"https:\/\/sonoradentist.com\/can-i-get-a-dental-implant-the-same-day-as-an-extraction\/\"]}]},{\"@type\":\"ImageObject\",\"inLanguage\":\"es\",\"@id\":\"https:\/\/sonoradentist.com\/can-i-get-a-dental-implant-the-same-day-as-an-extraction\/#primaryimage\",\"url\":\"https:\/\/sonoradentist.com\/wp-content\/uploads\/2025\/06\/Can-I-Get-a-Dental-Implant-the-Same-Day-as-an-Extraction.jpg\",\"contentUrl\":\"https:\/\/sonoradentist.com\/wp-content\/uploads\/2025\/06\/Can-I-Get-a-Dental-Implant-the-Same-Day-as-an-Extraction.jpg\",\"width\":500,\"height\":334,\"caption\":\"Can I Get a Dental Implant the Same Day as an Extraction\"},{\"@type\":\"BreadcrumbList\",\"@id\":\"https:\/\/sonoradentist.com\/can-i-get-a-dental-implant-the-same-day-as-an-extraction\/#breadcrumb\",\"itemListElement\":[{\"@type\":\"ListItem\",\"position\":1,\"name\":\"Home\",\"item\":\"https:\/\/sonoradentist.com\/es\/\"},{\"@type\":\"ListItem\",\"position\":2,\"name\":\"Can I Get a Dental Implant the Same Day as an Extraction?\"}]},{\"@type\":\"WebSite\",\"@id\":\"https:\/\/sonoradentist.com\/#website\",\"url\":\"https:\/\/sonoradentist.com\/\",\"name\":\"Dentist in Sonora, CA\",\"description\":\"Paul J. Berger, DDS - Sonora Dentist\",\"publisher\":{\"@id\":\"https:\/\/sonoradentist.com\/#organization\"},\"alternateName\":\"Paul J. Berger, DDS - Sonora Dentist\",\"potentialAction\":[{\"@type\":\"SearchAction\",\"target\":{\"@type\":\"EntryPoint\",\"urlTemplate\":\"https:\/\/sonoradentist.com\/?s={search_term_string}\"},\"query-input\":{\"@type\":\"PropertyValueSpecification\",\"valueRequired\":true,\"valueName\":\"search_term_string\"}}],\"inLanguage\":\"es\"},{\"@type\":\"Organization\",\"@id\":\"https:\/\/sonoradentist.com\/#organization\",\"name\":\"Dentist in Sonora, CA\",\"alternateName\":\"Paul J. Berger, DDS - Sonora Dentist\",\"url\":\"https:\/\/sonoradentist.com\/\",\"logo\":{\"@type\":\"ImageObject\",\"inLanguage\":\"es\",\"@id\":\"https:\/\/sonoradentist.com\/#\/schema\/logo\/image\/\",\"url\":\"https:\/\/sonoradentist.com\/wp-content\/uploads\/2025\/06\/SonoraDentist-Icon-High-Res.png\",\"contentUrl\":\"https:\/\/sonoradentist.com\/wp-content\/uploads\/2025\/06\/SonoraDentist-Icon-High-Res.png\",\"width\":1020,\"height\":1107,\"caption\":\"Dentist in Sonora, CA\"},\"image\":{\"@id\":\"https:\/\/sonoradentist.com\/#\/schema\/logo\/image\/\"},\"sameAs\":[\"https:\/\/www.facebook.com\/sonoradentist1\",\"https:\/\/x.com\/SonoraDentistCA\"]}]}<\/script>\n<!-- \/ Yoast SEO plugin. -->","yoast_head_json":{"title":"\u00bfPuedo colocarme un implante dental el mismo d\u00eda que una extracci\u00f3n?","description":"A menudo extraemos dientes y colocamos implantes el mismo d\u00eda, a veces con una corona provisional, ideal para pacientes que necesitan atenci\u00f3n urgente antes de viajar.","robots":{"index":"index","follow":"follow","max-snippet":"max-snippet:-1","max-image-preview":"max-image-preview:large","max-video-preview":"max-video-preview:-1"},"canonical":"https:\/\/sonoradentist.com\/es\/puedo-ponerme-un-implante-el-mismo-dia-que-una-extraccion\/","og_locale":"es_MX","og_type":"article","og_title":"Can I Get a Dental Implant the Same Day as an Extraction?","og_description":"We often extract teeth and place implants the same day, sometimes with a temporary crown\u2014ideal for patients needing urgent care before travel.","og_url":"https:\/\/sonoradentist.com\/es\/puedo-ponerme-un-implante-el-mismo-dia-que-una-extraccion\/","og_site_name":"Dentist in Sonora, CA","article_publisher":"https:\/\/www.facebook.com\/sonoradentist1","article_modified_time":"2025-07-01T16:17:37+00:00","og_image":[{"width":500,"height":334,"url":"https:\/\/sonoradentist.com\/wp-content\/uploads\/2025\/06\/Can-I-Get-a-Dental-Implant-the-Same-Day-as-an-Extraction.jpg","type":"image\/jpeg"}],"twitter_card":"summary_large_image","twitter_site":"@SonoraDentistCA","twitter_misc":{"Est. reading time":"2 minutos"},"schema":{"@context":"https:\/\/schema.org","@graph":[{"@type":"WebPage","@id":"https:\/\/sonoradentist.com\/can-i-get-a-dental-implant-the-same-day-as-an-extraction\/","url":"https:\/\/sonoradentist.com\/can-i-get-a-dental-implant-the-same-day-as-an-extraction\/","name":"\u00bfPuedo colocarme un implante dental el mismo d\u00eda que una extracci\u00f3n?","isPartOf":{"@id":"https:\/\/sonoradentist.com\/#website"},"primaryImageOfPage":{"@id":"https:\/\/sonoradentist.com\/can-i-get-a-dental-implant-the-same-day-as-an-extraction\/#primaryimage"},"image":{"@id":"https:\/\/sonoradentist.com\/can-i-get-a-dental-implant-the-same-day-as-an-extraction\/#primaryimage"},"thumbnailUrl":"https:\/\/sonoradentist.com\/wp-content\/uploads\/2025\/06\/Can-I-Get-a-Dental-Implant-the-Same-Day-as-an-Extraction.jpg","datePublished":"2025-06-03T18:51:43+00:00","dateModified":"2025-07-01T16:17:37+00:00","description":"A menudo extraemos dientes y colocamos implantes el mismo d\u00eda, a veces con una corona provisional, ideal para pacientes que necesitan atenci\u00f3n urgente antes de viajar.","breadcrumb":{"@id":"https:\/\/sonoradentist.com\/can-i-get-a-dental-implant-the-same-day-as-an-extraction\/#breadcrumb"},"inLanguage":"es","potentialAction":[{"@type":"ReadAction","target":["https:\/\/sonoradentist.com\/can-i-get-a-dental-implant-the-same-day-as-an-extraction\/"]}]},{"@type":"ImageObject","inLanguage":"es","@id":"https:\/\/sonoradentist.com\/can-i-get-a-dental-implant-the-same-day-as-an-extraction\/#primaryimage","url":"https:\/\/sonoradentist.com\/wp-content\/uploads\/2025\/06\/Can-I-Get-a-Dental-Implant-the-Same-Day-as-an-Extraction.jpg","contentUrl":"https:\/\/sonoradentist.com\/wp-content\/uploads\/2025\/06\/Can-I-Get-a-Dental-Implant-the-Same-Day-as-an-Extraction.jpg","width":500,"height":334,"caption":"Can I Get a Dental Implant the Same Day as an Extraction"},{"@type":"BreadcrumbList","@id":"https:\/\/sonoradentist.com\/can-i-get-a-dental-implant-the-same-day-as-an-extraction\/#breadcrumb","itemListElement":[{"@type":"ListItem","position":1,"name":"Home","item":"https:\/\/sonoradentist.com\/es\/"},{"@type":"ListItem","position":2,"name":"Can I Get a Dental Implant the Same Day as an Extraction?"}]},{"@type":"WebSite","@id":"https:\/\/sonoradentist.com\/#website","url":"https:\/\/sonoradentist.com\/","name":"Dentista en Sonora, CA","description":"Paul J. Berger, DDS - Sonora Dentista","publisher":{"@id":"https:\/\/sonoradentist.com\/#organization"},"alternateName":"Paul J. Berger, DDS - Sonora Dentist","potentialAction":[{"@type":"SearchAction","target":{"@type":"EntryPoint","urlTemplate":"https:\/\/sonoradentist.com\/?s={search_term_string}"},"query-input":{"@type":"PropertyValueSpecification","valueRequired":true,"valueName":"search_term_string"}}],"inLanguage":"es"},{"@type":"Organization","@id":"https:\/\/sonoradentist.com\/#organization","name":"Dentista en Sonora, CA","alternateName":"Paul J. Berger, DDS - Sonora Dentist","url":"https:\/\/sonoradentist.com\/","logo":{"@type":"ImageObject","inLanguage":"es","@id":"https:\/\/sonoradentist.com\/#\/schema\/logo\/image\/","url":"https:\/\/sonoradentist.com\/wp-content\/uploads\/2025\/06\/SonoraDentist-Icon-High-Res.png","contentUrl":"https:\/\/sonoradentist.com\/wp-content\/uploads\/2025\/06\/SonoraDentist-Icon-High-Res.png","width":1020,"height":1107,"caption":"Dentist in Sonora, CA"},"image":{"@id":"https:\/\/sonoradentist.com\/#\/schema\/logo\/image\/"},"sameAs":["https:\/\/www.facebook.com\/sonoradentist1","https:\/\/x.com\/SonoraDentistCA"]}]}},"_links":{"self":[{"href":"https:\/\/sonoradentist.com\/es\/wp-json\/wp\/v2\/pages\/817","targetHints":{"allow":["GET"]}}],"collection":[{"href":"https:\/\/sonoradentist.com\/es\/wp-json\/wp\/v2\/pages"}],"about":[{"href":"https:\/\/sonoradentist.com\/es\/wp-json\/wp\/v2\/types\/page"}],"author":[{"embeddable":true,"href":"https:\/\/sonoradentist.com\/es\/wp-json\/wp\/v2\/users\/7"}],"replies":[{"embeddable":true,"href":"https:\/\/sonoradentist.com\/es\/wp-json\/wp\/v2\/comments?post=817"}],"version-history":[{"count":0,"href":"https:\/\/sonoradentist.com\/es\/wp-json\/wp\/v2\/pages\/817\/revisions"}],"wp:featuredmedia":[{"embeddable":true,"href":"https:\/\/sonoradentist.com\/es\/wp-json\/wp\/v2\/media\/1176"}],"wp:attachment":[{"href":"https:\/\/sonoradentist.com\/es\/wp-json\/wp\/v2\/media?parent=817"}],"curies":[{"name":"wp","href":"https:\/\/api.w.org\/{rel}","templated":true}]}}