{"id":44,"date":"2025-03-18T02:19:28","date_gmt":"2025-03-18T06:19:28","guid":{"rendered":"http:\/\/sonoradentist.com\/?page_id=44"},"modified":"2025-10-27T17:56:20","modified_gmt":"2025-10-27T21:56:20","slug":"testimonios","status":"publish","type":"page","link":"https:\/\/sonoradentist.com\/es\/testimonials\/","title":{"rendered":"Testimonios"},"content":{"rendered":"<div class=\"row\"  id=\"row-1256877203\">\n\n\t<div id=\"col-694557464\" class=\"col small-12 large-12\"  >\n\t\t\t\t<div class=\"col-inner\"  >\n\t\t\t\n\t\t\t\n<div class=\"row align-middle\"  id=\"row-1056117555\">\n\n\t<div id=\"col-1689615325\" class=\"col medium-8 small-12 large-8\"  >\n\t\t\t\t<div class=\"col-inner\"  >\n\t\t\t\n\t\t\t\n<h1><span style=\"font-size: 110%;\">Testimonios de pacientes<\/span><\/h1>\n<h6><strong><span style=\"font-size: 110%;\">Historias reales. Resultados notables.<\/span><\/strong><\/h6>\n<p>Descubra c\u00f3mo los pacientes de Sonora Dentist est\u00e1n transformando sus sonrisas, y su confianza. Desde chequeos de rutina hasta tratamientos cosm\u00e9ticos avanzados y mini implantes, nuestro equipo ofrece atenci\u00f3n personalizada en cada paso del camino.<\/p>\n<p>\u00bfListo para su propia historia de \u00e9xito? <a href=\"\/es\/contacto\/\"><strong>Programe su consulta gratuita sobre implantes<\/strong><\/a> hoy mismo y d\u00e9 el primer paso hacia una sonrisa m\u00e1s sana y segura.<\/p>\n\t\t<\/div>\n\t\t\t\t\t<\/div>\n\n\t\n\n\t<div id=\"col-976082110\" class=\"col medium-4 small-12 large-4\"  >\n\t\t\t\t<div class=\"col-inner\"  >\n\t\t\t\n\t\t\t\n<div class=\"video video-fit mb\" style=\"padding-top:56.25%;\"><p><iframe loading=\"lazy\" title=\"Testimonio del Paciente - Matt | Mini Implantes Dentales en Sonora, CA | Dentista Sonora | Dr. Paul Berger\" width=\"1020\" height=\"574\" src=\"https:\/\/www.youtube.com\/embed\/URbBF2yO37U?wmode=transparent&amp;rel=0&amp;feature=oembed\" frameborder=\"0\" allow=\"accelerometer; autoplay; clipboard-write; encrypted-media; gyroscope; picture-in-picture; web-share\" referrerpolicy=\"strict-origin-when-cross-origin\" allowfullscreen><\/iframe><\/p>\n<\/div>\n\t\t<\/div>\n\t\t\t\t\t<\/div>\n\n\t\n\n<style>\n#row-1056117555 > .col > .col-inner {\n  padding: 25px 25px 0px 25px;\n  background-color: rgb(249, 249, 249);\n}\n<\/style>\n<\/div>\n\t\t<\/div>\n\t\t\t\t\t<\/div>\n\n\t\n\n<style>\n#row-1256877203 > .col > .col-inner {\n  background-color: rgb(249, 249, 249);\n}\n<\/style>\n<\/div>\n<div class=\"row\"  id=\"row-210207330\">\n\n\t<div id=\"col-84189354\" class=\"col small-12 large-12\"  >\n\t\t\t\t<div class=\"col-inner\"  >\n\t\t\t\n\t\t\t\n\n<div data-bid=\"153852\" data-url=\"https:\/\/rb.whitespark.ca\"><script src=\"https:\/\/widget.reviewability.com\/js\/widgetAdv.min.js\" async><\/script><\/div>\n<p><script class=\"json-ld-content\" type=\"application\/ld+json\"><\/script><br \/>\n\n\t\t<\/div>\n\t\t\t\t\t<\/div>\n\n\t\n<\/div>\n<div class=\"row\"  id=\"row-1294354990\">\n\n\t<div id=\"col-753497029\" class=\"col medium-4 small-12 large-4\"  >\n\t\t\t\t<div class=\"col-inner\"  >\n\t\t\t\n\t\t\t\n<div class=\"video video-fit mb\" style=\"padding-top:56.25%;\"><p><iframe loading=\"lazy\" title=\"Testimonio de Paciente - Amy | Mini Implantes Dentales en Sonora, CA | Dentista Sonora | Dr. Paul Berger\" width=\"1020\" height=\"574\" src=\"https:\/\/www.youtube.com\/embed\/-J4VCsMHPG8?wmode=transparent&amp;rel=0&amp;feature=oembed\" frameborder=\"0\" allow=\"accelerometer; autoplay; clipboard-write; encrypted-media; gyroscope; picture-in-picture; web-share\" referrerpolicy=\"strict-origin-when-cross-origin\" allowfullscreen><\/iframe><\/p>\n<\/div>\n<div class=\"video video-fit mb\" style=\"padding-top:56.25%;\"><p><iframe loading=\"lazy\" title=\"Mini Implantes Dentales en Sonora, CA | Dr. Paul Berger | Testimonio Ashley\" width=\"1020\" height=\"574\" src=\"https:\/\/www.youtube.com\/embed\/Iqd6a_IZKyE?wmode=transparent&amp;rel=0&amp;feature=oembed\" frameborder=\"0\" allow=\"accelerometer; autoplay; clipboard-write; encrypted-media; gyroscope; picture-in-picture; web-share\" referrerpolicy=\"strict-origin-when-cross-origin\" allowfullscreen><\/iframe><\/p>\n<\/div>\n\t\t<\/div>\n\t\t\t\t\t<\/div>\n\n\t\n\n\t<div id=\"col-1784029882\" class=\"col medium-4 small-12 large-4\"  >\n\t\t\t\t<div class=\"col-inner\"  >\n\t\t\t\n\t\t\t\n<div class=\"video video-fit mb\" style=\"padding-top:56.25%;\"><p><iframe loading=\"lazy\" title=\"La transformaci\u00f3n del implante fijo de Matt: De la dentadura postiza a una mordida segura | Sonora Dentist\" width=\"1020\" height=\"574\" src=\"https:\/\/www.youtube.com\/embed\/a7K1xiXMqyY?wmode=transparent&amp;rel=0&amp;feature=oembed\" frameborder=\"0\" allow=\"accelerometer; autoplay; clipboard-write; encrypted-media; gyroscope; picture-in-picture; web-share\" referrerpolicy=\"strict-origin-when-cross-origin\" allowfullscreen><\/iframe><\/p>\n<\/div>\n<div class=\"video video-fit mb\" style=\"padding-top:56.25%;\"><p><iframe loading=\"lazy\" title=\"El viaje de Amy: De Dentaduras Removibles a Implantes Dentales en Sonora, CA\" width=\"1020\" height=\"574\" src=\"https:\/\/www.youtube.com\/embed\/rPvyi-H-H58?wmode=transparent&amp;rel=0&amp;feature=oembed\" frameborder=\"0\" allow=\"accelerometer; autoplay; clipboard-write; encrypted-media; gyroscope; picture-in-picture; web-share\" referrerpolicy=\"strict-origin-when-cross-origin\" allowfullscreen><\/iframe><\/p>\n<\/div>\n\t\t<\/div>\n\t\t\t\t\t<\/div>\n\n\t\n\n\t<div id=\"col-367236890\" class=\"col medium-4 small-12 large-4\"  >\n\t\t\t\t<div class=\"col-inner\"  >\n\t\t\t\n\t\t\t\n<div class=\"video video-fit mb\" style=\"padding-top:56.25%;\"><p><iframe loading=\"lazy\" title=\"De comidas de una hora a bocados de 20 minutos: La transformaci\u00f3n dental de un paciente | Sonora Dentist\" width=\"1020\" height=\"574\" src=\"https:\/\/www.youtube.com\/embed\/R2diOefUTl4?wmode=transparent&amp;rel=0&amp;feature=oembed\" frameborder=\"0\" allow=\"accelerometer; autoplay; clipboard-write; encrypted-media; gyroscope; picture-in-picture; web-share\" referrerpolicy=\"strict-origin-when-cross-origin\" allowfullscreen><\/iframe><\/p>\n<\/div>\n<div class=\"video video-fit mb\" style=\"padding-top:56.25%;\"><p><iframe loading=\"lazy\" title=\"Mini Implantes Dentales en Sonora, CA | Dr. Paul Berger | Testimonio Robert\" width=\"1020\" height=\"574\" src=\"https:\/\/www.youtube.com\/embed\/85dhN2xqJaU?wmode=transparent&amp;rel=0&amp;feature=oembed\" frameborder=\"0\" allow=\"accelerometer; autoplay; clipboard-write; encrypted-media; gyroscope; picture-in-picture; web-share\" referrerpolicy=\"strict-origin-when-cross-origin\" allowfullscreen><\/iframe><\/p>\n<\/div>\n\t\t<\/div>\n\t\t\t\t\t<\/div>\n\n\t\n<\/div>","protected":false},"excerpt":{"rendered":"","protected":false},"author":4,"featured_media":1680,"parent":0,"menu_order":0,"comment_status":"closed","ping_status":"closed","template":"","meta":{"rop_custom_images_group":[],"rop_custom_messages_group":[],"rop_publish_now":"initial","rop_publish_now_accounts":{"twitter_1939695540276490240_1939695540276490240":"","gmb_109265489736877664202_accounts\/109265489736877664202\/locations\/13631788775042370546":""},"rop_publish_now_history":[],"rop_publish_now_status":"pending","footnotes":""},"class_list":["post-44","page","type-page","status-publish","has-post-thumbnail","hentry"],"yoast_head":"<!-- This site is optimized with the Yoast SEO plugin v27.1.1 - https:\/\/yoast.com\/product\/yoast-seo-wordpress\/ -->\n<title>Testimonials | Mini Dental Implants in Sonora, CA | Sonora Dentist<\/title>\n<meta name=\"description\" content=\"At Sonora Dentist, patients regain confidence with expert care and mini implants. Book your free consultation today!\" \/>\n<meta name=\"robots\" content=\"index, follow, max-snippet:-1, max-image-preview:large, max-video-preview:-1\" \/>\n<link rel=\"canonical\" href=\"https:\/\/sonoradentist.com\/es\/testimonios\/\" \/>\n<meta property=\"og:locale\" content=\"es_MX\" \/>\n<meta property=\"og:type\" content=\"article\" \/>\n<meta property=\"og:title\" content=\"Testimonials | Mini Dental Implants in Sonora, CA | Sonora Dentist\" \/>\n<meta property=\"og:description\" content=\"At Sonora Dentist, patients regain confidence with expert care and mini implants. Book your free consultation today!\" \/>\n<meta property=\"og:url\" content=\"https:\/\/sonoradentist.com\/es\/testimonios\/\" \/>\n<meta property=\"og:site_name\" content=\"Dentist in Sonora, CA\" \/>\n<meta property=\"article:publisher\" content=\"https:\/\/www.facebook.com\/sonoradentist1\" \/>\n<meta property=\"article:modified_time\" content=\"2025-10-27T21:56:20+00:00\" \/>\n<meta property=\"og:image\" content=\"https:\/\/sonoradentist.com\/wp-content\/uploads\/2025\/06\/Testimonials-Mini-Dental-Implants-in-Sonora-CA-Sonora-Dentist-scaled-e1751317156803.jpg\" \/>\n\t<meta property=\"og:image:width\" content=\"500\" \/>\n\t<meta property=\"og:image:height\" content=\"437\" \/>\n\t<meta property=\"og:image:type\" content=\"image\/jpeg\" \/>\n<meta name=\"twitter:card\" content=\"summary_large_image\" \/>\n<meta name=\"twitter:site\" content=\"@SonoraDentistCA\" \/>\n<meta name=\"twitter:label1\" content=\"Est. reading time\" \/>\n\t<meta name=\"twitter:data1\" content=\"1 minuto\" \/>\n<script type=\"application\/ld+json\" class=\"yoast-schema-graph\">{\"@context\":\"https:\/\/schema.org\",\"@graph\":[{\"@type\":\"WebPage\",\"@id\":\"https:\/\/sonoradentist.com\/es\/testimonials\/\",\"url\":\"https:\/\/sonoradentist.com\/es\/testimonials\/\",\"name\":\"Testimonials | Mini Dental Implants in Sonora, CA | Sonora Dentist\",\"isPartOf\":{\"@id\":\"https:\/\/sonoradentist.com\/#website\"},\"primaryImageOfPage\":{\"@id\":\"https:\/\/sonoradentist.com\/es\/testimonials\/#primaryimage\"},\"image\":{\"@id\":\"https:\/\/sonoradentist.com\/es\/testimonials\/#primaryimage\"},\"thumbnailUrl\":\"https:\/\/sonoradentist.com\/wp-content\/uploads\/2025\/06\/Testimonials-Mini-Dental-Implants-in-Sonora-CA-Sonora-Dentist-scaled-e1751317156803.jpg\",\"datePublished\":\"2025-03-18T06:19:28+00:00\",\"dateModified\":\"2025-10-27T21:56:20+00:00\",\"description\":\"At Sonora Dentist, patients regain confidence with expert care and mini implants. Book your free consultation today!\",\"breadcrumb\":{\"@id\":\"https:\/\/sonoradentist.com\/es\/testimonials\/#breadcrumb\"},\"inLanguage\":\"es\",\"potentialAction\":[{\"@type\":\"ReadAction\",\"target\":[\"https:\/\/sonoradentist.com\/es\/testimonials\/\"]}]},{\"@type\":\"ImageObject\",\"inLanguage\":\"es\",\"@id\":\"https:\/\/sonoradentist.com\/es\/testimonials\/#primaryimage\",\"url\":\"https:\/\/sonoradentist.com\/wp-content\/uploads\/2025\/06\/Testimonials-Mini-Dental-Implants-in-Sonora-CA-Sonora-Dentist-scaled-e1751317156803.jpg\",\"contentUrl\":\"https:\/\/sonoradentist.com\/wp-content\/uploads\/2025\/06\/Testimonials-Mini-Dental-Implants-in-Sonora-CA-Sonora-Dentist-scaled-e1751317156803.jpg\",\"width\":500,\"height\":437,\"caption\":\"Testimonials Mini Dental Implants in Sonora, CA Sonora Dentist\"},{\"@type\":\"BreadcrumbList\",\"@id\":\"https:\/\/sonoradentist.com\/es\/testimonials\/#breadcrumb\",\"itemListElement\":[{\"@type\":\"ListItem\",\"position\":1,\"name\":\"Home\",\"item\":\"https:\/\/sonoradentist.com\/es\/\"},{\"@type\":\"ListItem\",\"position\":2,\"name\":\"Testimonials\"}]},{\"@type\":\"WebSite\",\"@id\":\"https:\/\/sonoradentist.com\/#website\",\"url\":\"https:\/\/sonoradentist.com\/\",\"name\":\"Dentist in Sonora, CA\",\"description\":\"Paul J. Berger, DDS - Sonora Dentist\",\"publisher\":{\"@id\":\"https:\/\/sonoradentist.com\/#organization\"},\"alternateName\":\"Paul J. Berger, DDS - Sonora Dentist\",\"potentialAction\":[{\"@type\":\"SearchAction\",\"target\":{\"@type\":\"EntryPoint\",\"urlTemplate\":\"https:\/\/sonoradentist.com\/?s={search_term_string}\"},\"query-input\":{\"@type\":\"PropertyValueSpecification\",\"valueRequired\":true,\"valueName\":\"search_term_string\"}}],\"inLanguage\":\"es\"},{\"@type\":\"Organization\",\"@id\":\"https:\/\/sonoradentist.com\/#organization\",\"name\":\"Dentist in Sonora, CA\",\"alternateName\":\"Paul J. Berger, DDS - Sonora Dentist\",\"url\":\"https:\/\/sonoradentist.com\/\",\"logo\":{\"@type\":\"ImageObject\",\"inLanguage\":\"es\",\"@id\":\"https:\/\/sonoradentist.com\/#\/schema\/logo\/image\/\",\"url\":\"https:\/\/sonoradentist.com\/wp-content\/uploads\/2025\/06\/SonoraDentist-Icon-High-Res.png\",\"contentUrl\":\"https:\/\/sonoradentist.com\/wp-content\/uploads\/2025\/06\/SonoraDentist-Icon-High-Res.png\",\"width\":1020,\"height\":1107,\"caption\":\"Dentist in Sonora, CA\"},\"image\":{\"@id\":\"https:\/\/sonoradentist.com\/#\/schema\/logo\/image\/\"},\"sameAs\":[\"https:\/\/www.facebook.com\/sonoradentist1\",\"https:\/\/x.com\/SonoraDentistCA\"]}]}<\/script>\n<!-- \/ Yoast SEO plugin. -->","yoast_head_json":{"title":"Testimonios | Mini Implantes Dentales en Sonora, CA | Sonora Dentist","description":"En Sonora Dentist, los pacientes recuperan la confianza con la atenci\u00f3n de expertos y mini implantes. \u00a1Reserve su consulta gratuita hoy!","robots":{"index":"index","follow":"follow","max-snippet":"max-snippet:-1","max-image-preview":"max-image-preview:large","max-video-preview":"max-video-preview:-1"},"canonical":"https:\/\/sonoradentist.com\/es\/testimonios\/","og_locale":"es_MX","og_type":"article","og_title":"Testimonials | Mini Dental Implants in Sonora, CA | Sonora Dentist","og_description":"At Sonora Dentist, patients regain confidence with expert care and mini implants. Book your free consultation today!","og_url":"https:\/\/sonoradentist.com\/es\/testimonios\/","og_site_name":"Dentist in Sonora, CA","article_publisher":"https:\/\/www.facebook.com\/sonoradentist1","article_modified_time":"2025-10-27T21:56:20+00:00","og_image":[{"width":500,"height":437,"url":"https:\/\/sonoradentist.com\/wp-content\/uploads\/2025\/06\/Testimonials-Mini-Dental-Implants-in-Sonora-CA-Sonora-Dentist-scaled-e1751317156803.jpg","type":"image\/jpeg"}],"twitter_card":"summary_large_image","twitter_site":"@SonoraDentistCA","twitter_misc":{"Est. reading time":"1 minuto"},"schema":{"@context":"https:\/\/schema.org","@graph":[{"@type":"WebPage","@id":"https:\/\/sonoradentist.com\/es\/testimonials\/","url":"https:\/\/sonoradentist.com\/es\/testimonials\/","name":"Testimonios | Mini Implantes Dentales en Sonora, CA | Sonora Dentist","isPartOf":{"@id":"https:\/\/sonoradentist.com\/#website"},"primaryImageOfPage":{"@id":"https:\/\/sonoradentist.com\/es\/testimonials\/#primaryimage"},"image":{"@id":"https:\/\/sonoradentist.com\/es\/testimonials\/#primaryimage"},"thumbnailUrl":"https:\/\/sonoradentist.com\/wp-content\/uploads\/2025\/06\/Testimonials-Mini-Dental-Implants-in-Sonora-CA-Sonora-Dentist-scaled-e1751317156803.jpg","datePublished":"2025-03-18T06:19:28+00:00","dateModified":"2025-10-27T21:56:20+00:00","description":"En Sonora Dentist, los pacientes recuperan la confianza con la atenci\u00f3n de expertos y mini implantes. \u00a1Reserve su consulta gratuita hoy!","breadcrumb":{"@id":"https:\/\/sonoradentist.com\/es\/testimonials\/#breadcrumb"},"inLanguage":"es","potentialAction":[{"@type":"ReadAction","target":["https:\/\/sonoradentist.com\/es\/testimonials\/"]}]},{"@type":"ImageObject","inLanguage":"es","@id":"https:\/\/sonoradentist.com\/es\/testimonials\/#primaryimage","url":"https:\/\/sonoradentist.com\/wp-content\/uploads\/2025\/06\/Testimonials-Mini-Dental-Implants-in-Sonora-CA-Sonora-Dentist-scaled-e1751317156803.jpg","contentUrl":"https:\/\/sonoradentist.com\/wp-content\/uploads\/2025\/06\/Testimonials-Mini-Dental-Implants-in-Sonora-CA-Sonora-Dentist-scaled-e1751317156803.jpg","width":500,"height":437,"caption":"Testimonials Mini Dental Implants in Sonora, CA Sonora Dentist"},{"@type":"BreadcrumbList","@id":"https:\/\/sonoradentist.com\/es\/testimonials\/#breadcrumb","itemListElement":[{"@type":"ListItem","position":1,"name":"Home","item":"https:\/\/sonoradentist.com\/es\/"},{"@type":"ListItem","position":2,"name":"Testimonials"}]},{"@type":"WebSite","@id":"https:\/\/sonoradentist.com\/#website","url":"https:\/\/sonoradentist.com\/","name":"Dentista en Sonora, CA","description":"Paul J. Berger, DDS - Sonora Dentista","publisher":{"@id":"https:\/\/sonoradentist.com\/#organization"},"alternateName":"Paul J. Berger, DDS - Sonora Dentist","potentialAction":[{"@type":"SearchAction","target":{"@type":"EntryPoint","urlTemplate":"https:\/\/sonoradentist.com\/?s={search_term_string}"},"query-input":{"@type":"PropertyValueSpecification","valueRequired":true,"valueName":"search_term_string"}}],"inLanguage":"es"},{"@type":"Organization","@id":"https:\/\/sonoradentist.com\/#organization","name":"Dentista en Sonora, CA","alternateName":"Paul J. Berger, DDS - Sonora Dentist","url":"https:\/\/sonoradentist.com\/","logo":{"@type":"ImageObject","inLanguage":"es","@id":"https:\/\/sonoradentist.com\/#\/schema\/logo\/image\/","url":"https:\/\/sonoradentist.com\/wp-content\/uploads\/2025\/06\/SonoraDentist-Icon-High-Res.png","contentUrl":"https:\/\/sonoradentist.com\/wp-content\/uploads\/2025\/06\/SonoraDentist-Icon-High-Res.png","width":1020,"height":1107,"caption":"Dentist in Sonora, CA"},"image":{"@id":"https:\/\/sonoradentist.com\/#\/schema\/logo\/image\/"},"sameAs":["https:\/\/www.facebook.com\/sonoradentist1","https:\/\/x.com\/SonoraDentistCA"]}]}},"_links":{"self":[{"href":"https:\/\/sonoradentist.com\/es\/wp-json\/wp\/v2\/pages\/44","targetHints":{"allow":["GET"]}}],"collection":[{"href":"https:\/\/sonoradentist.com\/es\/wp-json\/wp\/v2\/pages"}],"about":[{"href":"https:\/\/sonoradentist.com\/es\/wp-json\/wp\/v2\/types\/page"}],"author":[{"embeddable":true,"href":"https:\/\/sonoradentist.com\/es\/wp-json\/wp\/v2\/users\/4"}],"replies":[{"embeddable":true,"href":"https:\/\/sonoradentist.com\/es\/wp-json\/wp\/v2\/comments?post=44"}],"version-history":[{"count":0,"href":"https:\/\/sonoradentist.com\/es\/wp-json\/wp\/v2\/pages\/44\/revisions"}],"wp:featuredmedia":[{"embeddable":true,"href":"https:\/\/sonoradentist.com\/es\/wp-json\/wp\/v2\/media\/1680"}],"wp:attachment":[{"href":"https:\/\/sonoradentist.com\/es\/wp-json\/wp\/v2\/media?parent=44"}],"curies":[{"name":"wp","href":"https:\/\/api.w.org\/{rel}","templated":true}]}}