{"id":17,"date":"2025-03-22T02:18:16","date_gmt":"2025-03-22T06:18:16","guid":{"rendered":"http:\/\/sonoradentist.com\/?page_id=17"},"modified":"2025-09-09T12:21:00","modified_gmt":"2025-09-09T16:21:00","slug":"videos","status":"publish","type":"page","link":"https:\/\/sonoradentist.com\/es\/videos\/","title":{"rendered":"V\u00eddeos"},"content":{"rendered":"<section class=\"section\" id=\"section_1989546204\">\n\t\t<div class=\"section-bg fill\" >\n\t\t\t\t\t\t\t\t\t\n\t\t\t\n\n\t\t<\/div>\n\n\t\t\n\n\t\t<div class=\"section-content relative\">\n\t\t\t\n\t<div id=\"gap-1065145911\" class=\"gap-element clearfix\" style=\"display:block; height:auto;\">\n\t\t\n<style>\n#gap-1065145911 {\n  padding-top: 10px;\n}\n<\/style>\n\t<\/div>\n\t\n<div class=\"row align-middle align-center\"  id=\"row-1413594502\">\n\n\t<div id=\"col-1087384568\" class=\"col medium-8 small-12 large-8\"  >\n\t\t\t\t<div class=\"col-inner\"  >\n\t\t\t\n\t\t\t\n\t<div id=\"text-3289092604\" class=\"text\">\n\t\t\n<h1>Vea nuestros v\u00eddeos educativos<\/h1>\n<p>Explore nuestra videoteca educativa, donde el Dr. Paul Berger responde a sus preguntas m\u00e1s frecuentes sobre la amplia variedad de tratamientos de odontolog\u00eda general, cosm\u00e9tica y de implantes que ofrecemos en Sonora Dentist.<\/p>\n<p>Tanto si es un paciente nuevo que busca orientaci\u00f3n como si ya lo es y necesita informaci\u00f3n postoperatoria, nuestros v\u00eddeos le ofrecen la informaci\u00f3n que necesita. \u00bfNo encuentra la respuesta que busca? P\u00f3ngase en contacto con nosotros hoy mismo para concertar una consulta. Estamos deseando ayudarle a conseguir la sonrisa que se merece.<\/p>\n\t\t\n<style>\n#text-3289092604 {\n  font-size: 1.2rem;\n}\n<\/style>\n\t<\/div>\n\t\n\t\t<\/div>\n\t\t\t\t\t<\/div>\n\n\t\n\n\t<div id=\"col-494009671\" class=\"col medium-4 small-12 large-4\"  >\n\t\t\t\t<div class=\"col-inner\"  >\n\t\t\t\n\t\t\t\n<div class=\"video video-fit mb\" style=\"padding-top:56.25%;\"><p><iframe loading=\"lazy\" title=\"Mini Implantes Dentales en Sonora, CA | Dr. Paul Berger | Infomercial de 30 Minutos sobre Mini Implantes\" width=\"1020\" height=\"574\" src=\"https:\/\/www.youtube.com\/embed\/lFkkndHGUoQ?wmode=transparent&amp;rel=0&amp;feature=oembed\" frameborder=\"0\" allow=\"accelerometer; autoplay; clipboard-write; encrypted-media; gyroscope; picture-in-picture; web-share\" referrerpolicy=\"strict-origin-when-cross-origin\" allowfullscreen><\/iframe><\/p>\n<\/div>\n\t\t<\/div>\n\t\t\t\t\t<\/div>\n\n\t\n\n<style>\n#row-1413594502 > .col > .col-inner {\n  padding: 20px 0px 0px 0px;\n}\n<\/style>\n<\/div>\n\t\t<\/div>\n\n\t\t\n<style>\n#section_1989546204 {\n  padding-top: 0px;\n  padding-bottom: 0px;\n  background-color: rgb(241, 241, 241);\n}\n<\/style>\n\t<\/section>\n\t\n<div class=\"row\" style=\"max-width:1500px\" id=\"row-1809667106\">\n\n\t<div id=\"col-471160316\" class=\"col medium-4 small-12 large-4\"  >\n\t\t\t\t<div class=\"col-inner\"  >\n\t\t\t\n\t\t\t\n\t<div id=\"text-3897516217\" class=\"text\">\n\t\t\n<h3 style=\"text-align: center;\"><span style=\"text-decoration: underline;\" data-text-color=\"primary\"><strong>Qui\u00e9nes somos<\/strong><\/span><\/h3>\n<ul>\n<li class=\"bullet-arrow\" style=\"text-align: left;\"><strong><a href=\"https:\/\/sonoradentist.com\/es\/conozca-a-paul-berger-dds\/\">Conozca a Paul Berger, DDS<\/a><\/strong><\/li>\n<li class=\"bullet-arrow\" style=\"text-align: left;\"><strong><a href=\"https:\/\/sonoradentist.com\/es\/por-que-elegir-dentista-sonora\/\">\u00bfPor qu\u00e9 elegir Sonora dentista?<\/a><\/strong><\/li>\n<li class=\"bullet-arrow\" style=\"text-align: left;\"><strong><a href=\"https:\/\/sonoradentist.com\/es\/cualidades-importantes-que-debe-tener-todo-dentista\/\">Cualidades importantes que debe tener todo dentista<\/a><\/strong><\/li>\n<li class=\"bullet-arrow\" style=\"text-align: left;\"><strong><a href=\"https:\/\/sonoradentist.com\/es\/que-esperar-de-su-primera-visita-al-dentista\/\">Qu\u00e9 esperar de la primera visita al dentista<\/a><\/strong><\/li>\n<li class=\"bullet-arrow\" style=\"text-align: left;\"><strong><a href=\"https:\/\/sonoradentist.com\/es\/aceptan-seguro-dental\/\">\u00bfAceptan seguro dental?<\/a><\/strong><\/li>\n<\/ul>\n<h3 style=\"text-align: center;\"><span style=\"text-decoration: underline;\" data-text-color=\"primary\"><strong>General<\/strong><\/span><\/h3>\n<ul>\n<li class=\"bullet-arrow\" style=\"text-align: left;\"><strong><a href=\"https:\/\/sonoradentist.com\/es\/que-es-una-cbct-y-como-se-utiliza-en-odontologia\/\">\u00bfQu\u00e9 es una CBCT y c\u00f3mo se utiliza en odontolog\u00eda?<\/a><\/strong><\/li>\n<li class=\"bullet-arrow\" style=\"text-align: left;\"><strong><a href=\"https:\/\/sonoradentist.com\/es\/que-es-una-endodoncia\/\">\u00bfQu\u00e9 es una endodoncia?<\/a><\/strong><\/li>\n<li class=\"bullet-arrow\" style=\"text-align: left;\"><strong><a href=\"https:\/\/sonoradentist.com\/es\/empastes-dentales-en-sonora-ca\/\">\u00bfOfrecen empastes dentales?<\/a><\/strong><\/li>\n<li class=\"bullet-arrow\" style=\"text-align: left;\"><strong><a href=\"https:\/\/sonoradentist.com\/es\/extracciones-dentales-en-sonora-ca\/\">\u00bfRealiza extracciones dentales?<\/a><\/strong><\/li>\n<li class=\"bullet-arrow\" style=\"text-align: left;\"><strong><a href=\"https:\/\/sonoradentist.com\/es\/sedacion-dental-en-sonora-ca\/\">\u00bfOfrecen odontolog\u00eda bajo sedaci\u00f3n?<\/a><\/strong><\/li>\n<\/ul>\n<h3 style=\"text-align: center;\"><span style=\"text-decoration: underline;\" data-text-color=\"primary\"><strong>Odontolog\u00eda est\u00e9tica<\/strong><\/span><\/h3>\n<ul>\n<li class=\"bullet-arrow\" style=\"text-align: left;\"><strong><a href=\"https:\/\/sonoradentist.com\/es\/servicios-de-odontologia-cosmetica-que-ofrecemos-en-sonora-ca\/\">Servicios de odontolog\u00eda cosm\u00e9tica que ofrecemos<\/a><\/strong><\/li>\n<li class=\"bullet-arrow\" style=\"text-align: left;\"><strong><a href=\"https:\/\/sonoradentist.com\/es\/como-mejoran-su-sonrisa-las-carillas-de-porcelana\/\">\u00bfC\u00f3mo mejoran su sonrisa las carillas de porcelana?<\/a><\/strong><\/li>\n<\/ul>\n<h3 style=\"text-align: center;\"><span style=\"text-decoration: underline;\" data-text-color=\"primary\"><strong>Tratamiento de las enfermedades de las enc\u00edas<\/strong><\/span><\/h3>\n<ul>\n<li class=\"bullet-arrow\" style=\"text-align: left;\"><strong><a href=\"https:\/\/sonoradentist.com\/es\/cuales-son-los-sintomas-de-la-enfermedad-de-las-encias\/\">\u00bfCu\u00e1les son los s\u00edntomas de las enfermedades de las enc\u00edas?<\/a><\/strong><\/li>\n<li class=\"bullet-arrow\" style=\"text-align: left;\"><strong><a href=\"https:\/\/sonoradentist.com\/es\/que-ocurre-cuando-no-se-trata-la-enfermedad-periodontal\/\">\u00bfQu\u00e9 ocurre cuando no se trata la enfermedad periodontal?<\/a><\/strong><\/li>\n<li class=\"bullet-arrow\" style=\"text-align: left;\"><strong><a href=\"https:\/\/sonoradentist.com\/es\/que-debo-hacer-si-me-sangran-las-encias\/\">\u00bfQu\u00e9 debo hacer si me sangran las enc\u00edas?<\/a><\/strong><\/li>\n<li class=\"bullet-arrow\" style=\"text-align: left;\"><strong><a href=\"https:\/\/sonoradentist.com\/es\/tratamiento-laser-de-la-enfermedad-de-las-encias-en-sonora-ca\/\">\u00bfRealizan tratamientos con l\u00e1ser para las enfermedades de las enc\u00edas?<\/a><\/strong><\/li>\n<\/ul>\n\t\t\n<style>\n#text-3897516217 {\n  font-size: 1.2rem;\n}\n<\/style>\n\t<\/div>\n\t\n\t\t<\/div>\n\t\t\t\t\t<\/div>\n\n\t\n\n\t<div id=\"col-887734245\" class=\"col medium-4 small-12 large-4\"  >\n\t\t\t\t<div class=\"col-inner\"  >\n\t\t\t\n\t\t\t\n\t<div id=\"text-607016985\" class=\"text\">\n\t\t\n<h3 style=\"text-align: center;\"><span style=\"text-decoration: underline;\" data-text-color=\"primary\"><strong>Miniimplantes dentales<\/strong><\/span><\/h3>\n<ul>\n<li class=\"bullet-arrow\" style=\"text-align: left;\"><strong><a href=\"https:\/\/sonoradentist.com\/es\/que-es-un-miniimplante-dental\/\">\u00bfQu\u00e9 es un miniimplante dental?<\/a><\/strong><\/li>\n<li class=\"bullet-arrow\" style=\"text-align: left;\"><strong><a href=\"https:\/\/sonoradentist.com\/es\/cuanto-tiempo-se-tarda-en-colocarse-un-miniimplante-dental\/\">\u00bfCu\u00e1nto se tarda en colocar un miniimplante dental?<\/a><\/strong><\/li>\n<li class=\"bullet-arrow\" style=\"text-align: left;\"><strong><a href=\"https:\/\/sonoradentist.com\/es\/se-puede-sustituir-un-diente-perdido-en-un-dia\/\">\u00bfSe puede sustituir un diente perdido en un d\u00eda?<\/a><\/strong><\/li>\n<li class=\"bullet-arrow\" style=\"text-align: left;\"><strong><a href=\"https:\/\/sonoradentist.com\/es\/le-convienen-los-implantes-dentales-en-el-mismo-dia\/\">\u00bfLe convienen los implantes dentales en el mismo d\u00eda?<\/a><\/strong><\/li>\n<li class=\"bullet-arrow\" style=\"text-align: left;\"><strong><a href=\"https:\/\/sonoradentist.com\/es\/puedo-ponerme-un-implante-el-mismo-dia-que-una-extraccion\/\">\u00bfPuedo colocarme un implante dental el mismo d\u00eda que una extracci\u00f3n?<\/a><\/strong><\/li>\n<li class=\"bullet-arrow\" style=\"text-align: left;\"><strong><a href=\"https:\/\/sonoradentist.com\/es\/miniimplantes-dentales-frente-a-implantes-dentales-tradicionales\/\">Miniimplantes dentales frente a implantes dentales tradicionales<\/a><\/strong><\/li>\n<li class=\"bullet-arrow\" style=\"text-align: left;\"><strong><a href=\"https:\/\/sonoradentist.com\/es\/pueden-los-implantes-dentales-sustituir-todos-mis-dientes\/\">\u00bfPueden los implantes dentales sustituir todos mis dientes?<\/a><\/strong><\/li>\n<li class=\"bullet-arrow\" style=\"text-align: left;\"><strong><a href=\"https:\/\/sonoradentist.com\/es\/el-proceso-del-miniimplante-dental-explicado\/\">Explicaci\u00f3n del proceso de miniimplante dental<\/a><\/strong><\/li>\n<li class=\"bullet-arrow\" style=\"text-align: left;\"><strong><a href=\"https:\/\/sonoradentist.com\/es\/que-pasa-si-no-tengo-suficiente-hueso-para-un-implante-convencional\/\">\u00bfQu\u00e9 ocurre si no tengo hueso suficiente para un implante convencional?<\/a><\/strong><\/li>\n<li class=\"bullet-arrow\" style=\"text-align: left;\"><strong><a href=\"https:\/\/sonoradentist.com\/es\/es-doloroso-el-tratamiento-con-miniimplantes-dentales\/\">\u00bfEs doloroso el tratamiento con miniimplantes dentales?<\/a><\/strong><\/li>\n<li class=\"bullet-arrow\"><strong><a href=\"https:\/\/sonoradentist.com\/es\/como-saber-que-implante-dental-es-el-adecuado-para-usted\/\">\u00bfC\u00f3mo s\u00e9 qu\u00e9 implante dental es el adecuado para usted?<\/a><\/strong><\/li>\n<li class=\"bullet-arrow\" style=\"text-align: left;\"><strong><a href=\"https:\/\/sonoradentist.com\/es\/ofrecen-una-consulta-gratuita-sobre-implantes-dentales\/\">\u00bfOfrecen una consulta gratuita sobre implantes dentales?<\/a><\/strong><\/li>\n<li class=\"bullet-arrow\" style=\"text-align: left;\"><strong><a href=\"https:\/\/sonoradentist.com\/es\/cuanto-cuestan-los-miniimplantes-dentales\/\">\u00bfCu\u00e1nto cuestan los miniimplantes dentales?<\/a><\/strong><\/li>\n<li class=\"bullet-arrow\" style=\"text-align: left;\"><strong><a href=\"https:\/\/sonoradentist.com\/es\/planes-de-pago-para-implantes-dentales-en-sonora-ca\/\">\u00bfOfrecen planes de pago?<\/a><\/strong><\/li>\n<\/ul>\n<h3 style=\"text-align: center;\"><span style=\"text-decoration: underline;\" data-text-color=\"primary\"><strong>Coronas y puentes<\/strong><\/span><\/h3>\n<ul>\n<li class=\"bullet-arrow\" style=\"text-align: left;\"><strong><a href=\"https:\/\/sonoradentist.com\/es\/que-son-las-coronas-de-circonio\/\">\u00bfQu\u00e9 son las coronas de \u00f3xido de circonio?<\/a><\/strong><\/li>\n<li class=\"bullet-arrow\" style=\"text-align: left;\"><strong><a href=\"https:\/\/sonoradentist.com\/es\/que-es-un-puente-implantosoportado\/\">\u00bfQu\u00e9 es un puente implantosoportado?<\/a><\/strong><\/li>\n<\/ul>\n\t\t\n<style>\n#text-607016985 {\n  font-size: 1.2rem;\n}\n<\/style>\n\t<\/div>\n\t\n\t\t<\/div>\n\t\t\t\t\t<\/div>\n\n\t\n\n\t<div id=\"col-303040202\" class=\"col medium-4 small-12 large-4\"  >\n\t\t\t\t<div class=\"col-inner\"  >\n\t\t\t\n\t\t\t\n\t<div id=\"text-4076225054\" class=\"text\">\n\t\t\n<h3 style=\"text-align: center;\"><span style=\"text-decoration: underline;\" data-text-color=\"primary\"><strong>Dentaduras postizas e implantes<\/strong><\/span><\/h3>\n<ul>\n<li class=\"bullet-arrow\" style=\"text-align: left;\"><strong><a href=\"https:\/\/sonoradentist.com\/es\/que-es-una-protesis-implantosoportada\/\">\u00bfQu\u00e9 es una pr\u00f3tesis implantosoportada?<\/a><\/strong><\/li>\n<li class=\"bullet-arrow\" style=\"text-align: left;\"><strong><a href=\"https:\/\/sonoradentist.com\/es\/ventajas-de-las-protesis-sobre-implantes\/\">Ventajas de las pr\u00f3tesis sobre implantes<\/a><\/strong><\/li>\n<li class=\"bullet-arrow\" style=\"text-align: left;\"><strong><a href=\"https:\/\/sonoradentist.com\/es\/como-los-miniimplantes-estabilizan-las-dentaduras-postizas-sueltas\/\">C\u00f3mo estabilizan los miniimplantes las dentaduras sueltas<\/a><\/strong><\/li>\n<li class=\"bullet-arrow\" style=\"text-align: left;\"><strong><a href=\"https:\/\/sonoradentist.com\/es\/cuantos-implantes-son-necesarios-para-estabilizar-mi-dentadura\/\">\u00bfCu\u00e1ntos implantes son necesarios para estabilizar mi dentadura?<\/a><\/strong><\/li>\n<li class=\"bullet-arrow\" style=\"text-align: left;\"><strong><a href=\"https:\/\/sonoradentist.com\/es\/quien-es-candidato-a-una-protesis-implantosoportada\/\">\u00bfQui\u00e9n es candidato a una pr\u00f3tesis implantosoportada?<\/a><\/strong><\/li>\n<li class=\"bullet-arrow\" style=\"text-align: left;\"><strong><a href=\"https:\/\/sonoradentist.com\/es\/puedo-convertir-mi-dentadura-postiza-en-una-dentadura-sobre-implantes\/\">\u00bfSe puede convertir mi dentadura postiza en una pr\u00f3tesis implantosoportada?<\/a><\/strong><\/li>\n<li class=\"bullet-arrow\" style=\"text-align: left;\"><strong><a href=\"https:\/\/sonoradentist.com\/es\/entender-el-proceso-de-protesis-sobre-implantes\/\">Comprender el proceso de pr\u00f3tesis sobre implantes<\/a><\/strong><\/li>\n<li class=\"bullet-arrow\" style=\"text-align: left;\"><strong><a href=\"https:\/\/sonoradentist.com\/es\/que-es-una-restauracion-fija\/\">\u00bfQu\u00e9 es una restauraci\u00f3n fija?<\/a><\/strong><\/li>\n<li class=\"bullet-arrow\" style=\"text-align: left;\"><strong><a href=\"https:\/\/sonoradentist.com\/es\/opciones-de-dentadura-permanente-en-sonora-ca\/\">\u00bfQu\u00e9 opciones de pr\u00f3tesis permanentes ofrecen?<\/a><\/strong><\/li>\n<li class=\"bullet-arrow\" style=\"text-align: left;\"><strong><a href=\"https:\/\/sonoradentist.com\/es\/dentaduras-de-implantes-el-mismo-dia-en-sonora-ca\/\">\u00bfOfrecen pr\u00f3tesis implantosoportadas el mismo d\u00eda?<\/a><\/strong><\/li>\n<li class=\"bullet-arrow\" style=\"text-align: left;\"><strong><a href=\"https:\/\/sonoradentist.com\/es\/que-es-un-puente-de-medio-punto\/\">\u00bfQu\u00e9 es un puente Roundhouse?<\/a><\/strong><\/li>\n<li class=\"bullet-arrow\" style=\"text-align: left;\"><strong><a href=\"https:\/\/sonoradentist.com\/es\/que-es-una-dentadura-postiza-snap-in\/\">\u00bfQu\u00e9 es una pr\u00f3tesis dental Snap-In?<\/a><\/strong><\/li>\n<li class=\"bullet-arrow\" style=\"text-align: left;\"><strong><a href=\"https:\/\/sonoradentist.com\/es\/que-es-un-all-on-4\/\">\u00bfQu\u00e9 es un All-On-4?<\/a><\/strong><\/li>\n<li class=\"bullet-arrow\" style=\"text-align: left;\"><strong><a href=\"https:\/\/sonoradentist.com\/es\/que-es-la-reconstruccion-bucal-completa\/\">\u00bfQu\u00e9 es la reconstrucci\u00f3n bucal completa?<\/a><\/strong><\/li>\n<li class=\"bullet-arrow\" style=\"text-align: left;\"><strong><a href=\"https:\/\/sonoradentist.com\/es\/como-mantener-sus-protesis-implantosoportadas\/\">C\u00f3mo mantener sus pr\u00f3tesis implantosoportadas<\/a><\/strong><\/li>\n<li class=\"bullet-arrow\" style=\"text-align: left;\"><strong><a href=\"https:\/\/sonoradentist.com\/es\/opciones-de-financiacion-para-protesis-implantosoportadas\/\">Opciones de financiaci\u00f3n para pr\u00f3tesis implantosoportadas<\/a><\/strong><\/li>\n<\/ul>\n<h3 style=\"text-align: center;\"><span style=\"text-decoration: underline;\" data-text-color=\"primary\"><strong>Odontolog\u00eda de urgencia<\/strong><\/span><\/h3>\n<ul>\n<li class=\"bullet-arrow\" style=\"text-align: left;\"><strong><a href=\"https:\/\/sonoradentist.com\/es\/pueden-atender-urgencias-dentales\/\">\u00bfPuede atender urgencias dentales?<\/a><\/strong><\/li>\n<li class=\"bullet-arrow\" style=\"text-align: left;\"><strong><a href=\"https:\/\/sonoradentist.com\/es\/signos-de-una-emergencia-dental\/\">Signos de una emergencia dental<\/a><\/strong><\/li>\n<\/ul>\n\t\t\n<style>\n#text-4076225054 {\n  font-size: 1.2rem;\n}\n<\/style>\n\t<\/div>\n\t\n\t\t<\/div>\n\t\t\t\t\t<\/div>\n\n\t\n<\/div>","protected":false},"excerpt":{"rendered":"","protected":false},"author":4,"featured_media":404,"parent":0,"menu_order":0,"comment_status":"closed","ping_status":"closed","template":"","meta":{"rop_custom_images_group":[],"rop_custom_messages_group":[],"rop_publish_now":"initial","rop_publish_now_accounts":{"twitter_1939695540276490240_1939695540276490240":"","gmb_109265489736877664202_accounts\/109265489736877664202\/locations\/13631788775042370546":""},"rop_publish_now_history":[],"rop_publish_now_status":"pending","footnotes":""},"class_list":["post-17","page","type-page","status-publish","has-post-thumbnail","hentry"],"yoast_head":"<!-- This site is optimized with the Yoast SEO plugin v27.4 - https:\/\/yoast.com\/product\/yoast-seo-wordpress\/ -->\n<title>Videos | Dentist in Sonora, CA | Educational Dental Video Library<\/title>\n<meta name=\"description\" content=\"Watch our educational dental videos to learn about the types of dental treatments we provide and how mini implants can change your life.\" \/>\n<meta name=\"robots\" content=\"index, follow, max-snippet:-1, max-image-preview:large, max-video-preview:-1\" \/>\n<link rel=\"canonical\" href=\"http:\/\/sonoradentist.com\/es\/videos\/\" \/>\n<meta property=\"og:locale\" content=\"es_MX\" \/>\n<meta property=\"og:type\" content=\"article\" \/>\n<meta property=\"og:title\" content=\"Videos | Dentist in Sonora, CA | Educational Dental Video Library\" \/>\n<meta property=\"og:description\" content=\"Watch our educational dental videos to learn about the types of dental treatments we provide and how mini implants can change your life.\" \/>\n<meta property=\"og:url\" content=\"http:\/\/sonoradentist.com\/es\/videos\/\" \/>\n<meta property=\"og:site_name\" content=\"Dentist in Sonora, CA\" \/>\n<meta property=\"article:publisher\" content=\"https:\/\/www.facebook.com\/sonoradentist1\" \/>\n<meta property=\"article:modified_time\" content=\"2025-09-09T16:21:00+00:00\" \/>\n<meta property=\"og:image\" content=\"http:\/\/sonoradentist.com\/wp-content\/uploads\/2023\/12\/Videos.jpg\" \/>\n\t<meta property=\"og:image:width\" content=\"500\" \/>\n\t<meta property=\"og:image:height\" content=\"307\" \/>\n\t<meta property=\"og:image:type\" content=\"image\/jpeg\" \/>\n<meta name=\"twitter:card\" content=\"summary_large_image\" \/>\n<meta name=\"twitter:site\" content=\"@SonoraDentistCA\" \/>\n<meta name=\"twitter:label1\" content=\"Est. reading time\" \/>\n\t<meta name=\"twitter:data1\" content=\"3 minutos\" \/>\n<script type=\"application\/ld+json\" class=\"yoast-schema-graph\">{\"@context\":\"https:\\\/\\\/schema.org\",\"@graph\":[{\"@type\":\"WebPage\",\"@id\":\"http:\\\/\\\/sonoradentist.com\\\/videos\\\/\",\"url\":\"http:\\\/\\\/sonoradentist.com\\\/videos\\\/\",\"name\":\"Videos | Dentist in Sonora, CA | Educational Dental Video Library\",\"isPartOf\":{\"@id\":\"http:\\\/\\\/sonoradentist.com\\\/#website\"},\"primaryImageOfPage\":{\"@id\":\"http:\\\/\\\/sonoradentist.com\\\/videos\\\/#primaryimage\"},\"image\":{\"@id\":\"http:\\\/\\\/sonoradentist.com\\\/videos\\\/#primaryimage\"},\"thumbnailUrl\":\"https:\\\/\\\/sonoradentist.com\\\/wp-content\\\/uploads\\\/2023\\\/12\\\/Videos.jpg\",\"datePublished\":\"2025-03-22T06:18:16+00:00\",\"dateModified\":\"2025-09-09T16:21:00+00:00\",\"description\":\"Watch our educational dental videos to learn about the types of dental treatments we provide and how mini implants can change your life.\",\"breadcrumb\":{\"@id\":\"http:\\\/\\\/sonoradentist.com\\\/videos\\\/#breadcrumb\"},\"inLanguage\":\"es\",\"potentialAction\":[{\"@type\":\"ReadAction\",\"target\":[\"http:\\\/\\\/sonoradentist.com\\\/videos\\\/\"]}]},{\"@type\":\"ImageObject\",\"inLanguage\":\"es\",\"@id\":\"http:\\\/\\\/sonoradentist.com\\\/videos\\\/#primaryimage\",\"url\":\"https:\\\/\\\/sonoradentist.com\\\/wp-content\\\/uploads\\\/2023\\\/12\\\/Videos.jpg\",\"contentUrl\":\"https:\\\/\\\/sonoradentist.com\\\/wp-content\\\/uploads\\\/2023\\\/12\\\/Videos.jpg\",\"width\":500,\"height\":307},{\"@type\":\"BreadcrumbList\",\"@id\":\"http:\\\/\\\/sonoradentist.com\\\/videos\\\/#breadcrumb\",\"itemListElement\":[{\"@type\":\"ListItem\",\"position\":1,\"name\":\"Home\",\"item\":\"https:\\\/\\\/sonoradentist.com\\\/es\\\/\"},{\"@type\":\"ListItem\",\"position\":2,\"name\":\"Videos\"}]},{\"@type\":\"WebSite\",\"@id\":\"http:\\\/\\\/sonoradentist.com\\\/#website\",\"url\":\"http:\\\/\\\/sonoradentist.com\\\/\",\"name\":\"Dentist in Sonora, CA\",\"description\":\"Paul J. Berger, DDS - Sonora Dentist\",\"publisher\":{\"@id\":\"http:\\\/\\\/sonoradentist.com\\\/#organization\"},\"alternateName\":\"Paul J. Berger, DDS - Sonora Dentist\",\"potentialAction\":[{\"@type\":\"SearchAction\",\"target\":{\"@type\":\"EntryPoint\",\"urlTemplate\":\"http:\\\/\\\/sonoradentist.com\\\/?s={search_term_string}\"},\"query-input\":{\"@type\":\"PropertyValueSpecification\",\"valueRequired\":true,\"valueName\":\"search_term_string\"}}],\"inLanguage\":\"es\"},{\"@type\":\"Organization\",\"@id\":\"http:\\\/\\\/sonoradentist.com\\\/#organization\",\"name\":\"Dentist in Sonora, CA\",\"alternateName\":\"Paul J. Berger, DDS - Sonora Dentist\",\"url\":\"http:\\\/\\\/sonoradentist.com\\\/\",\"logo\":{\"@type\":\"ImageObject\",\"inLanguage\":\"es\",\"@id\":\"http:\\\/\\\/sonoradentist.com\\\/#\\\/schema\\\/logo\\\/image\\\/\",\"url\":\"https:\\\/\\\/sonoradentist.com\\\/wp-content\\\/uploads\\\/2025\\\/06\\\/SonoraDentist-Icon-High-Res.png\",\"contentUrl\":\"https:\\\/\\\/sonoradentist.com\\\/wp-content\\\/uploads\\\/2025\\\/06\\\/SonoraDentist-Icon-High-Res.png\",\"width\":1020,\"height\":1107,\"caption\":\"Dentist in Sonora, CA\"},\"image\":{\"@id\":\"http:\\\/\\\/sonoradentist.com\\\/#\\\/schema\\\/logo\\\/image\\\/\"},\"sameAs\":[\"https:\\\/\\\/www.facebook.com\\\/sonoradentist1\",\"https:\\\/\\\/x.com\\\/SonoraDentistCA\"]}]}<\/script>\n<!-- \/ Yoast SEO plugin. -->","yoast_head_json":{"title":"Videos | Dentista en Sonora, CA | Videoteca Dental Educativa","description":"Vea nuestros v\u00eddeos educativos sobre odontolog\u00eda para conocer los tipos de tratamientos dentales que ofrecemos y c\u00f3mo los miniimplantes pueden cambiar su vida.","robots":{"index":"index","follow":"follow","max-snippet":"max-snippet:-1","max-image-preview":"max-image-preview:large","max-video-preview":"max-video-preview:-1"},"canonical":"http:\/\/sonoradentist.com\/es\/videos\/","og_locale":"es_MX","og_type":"article","og_title":"Videos | Dentist in Sonora, CA | Educational Dental Video Library","og_description":"Watch our educational dental videos to learn about the types of dental treatments we provide and how mini implants can change your life.","og_url":"http:\/\/sonoradentist.com\/es\/videos\/","og_site_name":"Dentist in Sonora, CA","article_publisher":"https:\/\/www.facebook.com\/sonoradentist1","article_modified_time":"2025-09-09T16:21:00+00:00","og_image":[{"width":500,"height":307,"url":"http:\/\/sonoradentist.com\/wp-content\/uploads\/2023\/12\/Videos.jpg","type":"image\/jpeg"}],"twitter_card":"summary_large_image","twitter_site":"@SonoraDentistCA","twitter_misc":{"Est. reading time":"3 minutos"},"schema":{"@context":"https:\/\/schema.org","@graph":[{"@type":"WebPage","@id":"http:\/\/sonoradentist.com\/videos\/","url":"http:\/\/sonoradentist.com\/videos\/","name":"Videos | Dentista en Sonora, CA | Videoteca Dental Educativa","isPartOf":{"@id":"http:\/\/sonoradentist.com\/#website"},"primaryImageOfPage":{"@id":"http:\/\/sonoradentist.com\/videos\/#primaryimage"},"image":{"@id":"http:\/\/sonoradentist.com\/videos\/#primaryimage"},"thumbnailUrl":"https:\/\/sonoradentist.com\/wp-content\/uploads\/2023\/12\/Videos.jpg","datePublished":"2025-03-22T06:18:16+00:00","dateModified":"2025-09-09T16:21:00+00:00","description":"Vea nuestros v\u00eddeos educativos sobre odontolog\u00eda para conocer los tipos de tratamientos dentales que ofrecemos y c\u00f3mo los miniimplantes pueden cambiar su vida.","breadcrumb":{"@id":"http:\/\/sonoradentist.com\/videos\/#breadcrumb"},"inLanguage":"es","potentialAction":[{"@type":"ReadAction","target":["http:\/\/sonoradentist.com\/videos\/"]}]},{"@type":"ImageObject","inLanguage":"es","@id":"http:\/\/sonoradentist.com\/videos\/#primaryimage","url":"https:\/\/sonoradentist.com\/wp-content\/uploads\/2023\/12\/Videos.jpg","contentUrl":"https:\/\/sonoradentist.com\/wp-content\/uploads\/2023\/12\/Videos.jpg","width":500,"height":307},{"@type":"BreadcrumbList","@id":"http:\/\/sonoradentist.com\/videos\/#breadcrumb","itemListElement":[{"@type":"ListItem","position":1,"name":"Home","item":"https:\/\/sonoradentist.com\/es\/"},{"@type":"ListItem","position":2,"name":"Videos"}]},{"@type":"WebSite","@id":"http:\/\/sonoradentist.com\/#website","url":"http:\/\/sonoradentist.com\/","name":"Dentista en Sonora, CA","description":"Paul J. Berger, DDS - Sonora Dentista","publisher":{"@id":"http:\/\/sonoradentist.com\/#organization"},"alternateName":"Paul J. Berger, DDS - Sonora Dentist","potentialAction":[{"@type":"SearchAction","target":{"@type":"EntryPoint","urlTemplate":"http:\/\/sonoradentist.com\/?s={search_term_string}"},"query-input":{"@type":"PropertyValueSpecification","valueRequired":true,"valueName":"search_term_string"}}],"inLanguage":"es"},{"@type":"Organization","@id":"http:\/\/sonoradentist.com\/#organization","name":"Dentista en Sonora, CA","alternateName":"Paul J. Berger, DDS - Sonora Dentist","url":"http:\/\/sonoradentist.com\/","logo":{"@type":"ImageObject","inLanguage":"es","@id":"http:\/\/sonoradentist.com\/#\/schema\/logo\/image\/","url":"https:\/\/sonoradentist.com\/wp-content\/uploads\/2025\/06\/SonoraDentist-Icon-High-Res.png","contentUrl":"https:\/\/sonoradentist.com\/wp-content\/uploads\/2025\/06\/SonoraDentist-Icon-High-Res.png","width":1020,"height":1107,"caption":"Dentist in Sonora, CA"},"image":{"@id":"http:\/\/sonoradentist.com\/#\/schema\/logo\/image\/"},"sameAs":["https:\/\/www.facebook.com\/sonoradentist1","https:\/\/x.com\/SonoraDentistCA"]}]}},"_links":{"self":[{"href":"https:\/\/sonoradentist.com\/es\/wp-json\/wp\/v2\/pages\/17","targetHints":{"allow":["GET"]}}],"collection":[{"href":"https:\/\/sonoradentist.com\/es\/wp-json\/wp\/v2\/pages"}],"about":[{"href":"https:\/\/sonoradentist.com\/es\/wp-json\/wp\/v2\/types\/page"}],"author":[{"embeddable":true,"href":"https:\/\/sonoradentist.com\/es\/wp-json\/wp\/v2\/users\/4"}],"replies":[{"embeddable":true,"href":"https:\/\/sonoradentist.com\/es\/wp-json\/wp\/v2\/comments?post=17"}],"version-history":[{"count":0,"href":"https:\/\/sonoradentist.com\/es\/wp-json\/wp\/v2\/pages\/17\/revisions"}],"wp:featuredmedia":[{"embeddable":true,"href":"https:\/\/sonoradentist.com\/es\/wp-json\/wp\/v2\/media\/404"}],"wp:attachment":[{"href":"https:\/\/sonoradentist.com\/es\/wp-json\/wp\/v2\/media?parent=17"}],"curies":[{"name":"wp","href":"https:\/\/api.w.org\/{rel}","templated":true}]}}